{"id":29219,"date":"2025-12-15T06:22:03","date_gmt":"2025-12-15T06:22:03","guid":{"rendered":"https:\/\/buycaluanieonline.com\/?post_type=product&#038;p=29219"},"modified":"2025-12-29T09:20:14","modified_gmt":"2025-12-29T09:20:14","slug":"buy-ssd-chemical-solution","status":"publish","type":"product","link":"https:\/\/buycaluanieonline.com\/fr\/produit\/buy-ssd-chemical-solution\/","title":{"rendered":"Solution chimique SSD"},"content":{"rendered":"<div id=\"model-response-message-contentr_23a759a4d273292c\" class=\"markdown markdown-main-panel enable-updated-hr-color\" dir=\"ltr\" aria-live=\"polite\" aria-busy=\"false\">\n<div id=\"model-response-message-contentr_23a759a4d273292c\" class=\"markdown markdown-main-panel enable-updated-hr-color\" dir=\"ltr\" aria-live=\"polite\" aria-busy=\"false\">\n<p data-start=\"201\" data-end=\"779\">&#x1f9ea; <strong data-start=\"204\" data-end=\"284\"><a href=\"https:\/\/buycaluanieonline.com\/fr\/produit\/buy-ssd-chemical-solution\/\">Acheter une solution chimique SSD<\/a> \u2014 Solution chimique universelle haut de gamme pour SSD \u00e0 vendre<\/strong><br data-start=\"284\" data-end=\"287\" \/>Nous proposons un liquide d'une qualit\u00e9 exceptionnelle. <a href=\"https:\/\/buycaluanieonline.com\/fr\/produit\/buy-ssd-chemical-solution\/\"><strong data-start=\"333\" data-end=\"358\">Solution chimique SSD<\/strong><\/a> \u00e0 vendre. Les professionnels et les laboratoires peuvent <strong data-start=\"404\" data-end=\"433\">Acheter une solution chimique SSD<\/strong> en ligne pour un nettoyage tr\u00e8s efficace des billets de banque noircis, ab\u00eem\u00e9s ou tach\u00e9s. Notre <strong data-start=\"516\" data-end=\"541\">Solution chimique SSD<\/strong> contient des agents puissants tels que les ingr\u00e9dients H12 Active et Automatic DX-1, garantissant un taux de r\u00e9ussite de 99,8 % dans la restauration des billets trait\u00e9s. Nous proposons ce produit <strong data-start=\"706\" data-end=\"731\">Solution chimique SSD<\/strong> \u00e0 des prix comp\u00e9titifs au litre et au kilogramme.<\/p>\n<hr data-start=\"781\" data-end=\"784\" \/>\n<p data-start=\"786\" data-end=\"973\">&#x1f50d; <strong data-start=\"789\" data-end=\"812\">Efficacit\u00e9 du nettoyage<\/strong><br data-start=\"812\" data-end=\"815\" \/>Un seul litre de notre <strong data-start=\"837\" data-end=\"853\">Solution SSD<\/strong> peut nettoyer environ 10 000 billets de 100 dollars (billets DEX), soit un total d'environ 1 000 000 dollars en monnaie restaur\u00e9e.<\/p>\n<hr data-start=\"975\" data-end=\"978\" \/>\n<p data-start=\"980\" data-end=\"1297\">&#x1f9ea; <strong data-start=\"983\" data-end=\"1021\">M\u00e9canisme de la solution chimique SSD<\/strong><br data-start=\"1021\" data-end=\"1024\" \/>Le <strong data-start=\"1028\" data-end=\"1061\">Formule de la solution chimique SSD<\/strong> fonctionne \u00e0 l'aide d'un m\u00e9lange sp\u00e9cialis\u00e9 de produits chimiques qui interagissent chimiquement avec les rev\u00eatements appliqu\u00e9s sur les billets noircis ou tach\u00e9s. Cette r\u00e9action dissout ou d\u00e9compose efficacement les barri\u00e8res chimiques, r\u00e9v\u00e9lant ainsi le billet de banque d'origine.<\/p>\n<p data-start=\"1299\" data-end=\"1520\"><strong data-start=\"1299\" data-end=\"1324\">Principales actions chimiques :<\/strong><br data-start=\"1324\" data-end=\"1327\" \/>\u2022 D\u00e9composition : dissolution des rev\u00eatements anti-vent ou polym\u00e8res.<br data-start=\"1383\" data-end=\"1386\" \/>\u2022 Rebonding : restauration de l'int\u00e9grit\u00e9 des compos\u00e9s d'encre naturels.<br data-start=\"1448\" data-end=\"1451\" \/>\u2022 \u00c9limination : utilisation d'un processus catalytique pour \u00e9liminer les colorants et les taches.<\/p>\n<hr data-start=\"1522\" data-end=\"1525\" \/>\n<p data-start=\"1527\" data-end=\"1664\">&#x1f9ea; <strong data-start=\"1530\" data-end=\"1583\">Types de solutions chimiques SSD disponibles \u00e0 la vente<\/strong><br data-start=\"1583\" data-end=\"1586\" \/>We supply various <strong data-start=\"1604\" data-end=\"1620\">Solution SSD<\/strong> types pour r\u00e9pondre \u00e0 diff\u00e9rentes exigences de nettoyage :<\/p>\n<ol data-start=\"1666\" data-end=\"2500\">\n<li data-start=\"1666\" data-end=\"1953\">\n<p data-start=\"1669\" data-end=\"1706\"><strong data-start=\"1669\" data-end=\"1704\">Solution chimique universelle pour SSD<\/strong><\/p>\n<ul data-start=\"1710\" data-end=\"1953\">\n<li data-start=\"1710\" data-end=\"1764\">\n<p data-start=\"1712\" data-end=\"1764\">La solution SSD la plus adaptable et la plus couramment utilis\u00e9e.<\/p>\n<\/li>\n<li data-start=\"1768\" data-end=\"1953\">\n<p data-start=\"1770\" data-end=\"1953\">Caract\u00e9ristiques : Efficace sur plusieurs devises (USD, EUR, GBP) et adapt\u00e9 aux billets noirs, verts ou ab\u00eem\u00e9s. Id\u00e9al pour <strong data-start=\"1888\" data-end=\"1925\">Fourniture en vrac de solution chimique SSD<\/strong> et nettoyage \u00e0 grande \u00e9chelle.<\/p>\n<\/li>\n<\/ul>\n<\/li>\n<li data-start=\"1955\" data-end=\"2197\">\n<p data-start=\"1958\" data-end=\"1996\"><strong data-start=\"1958\" data-end=\"1994\">Solution chimique SSD H12 Active<\/strong><\/p>\n<ul data-start=\"2000\" data-end=\"2197\">\n<li data-start=\"2000\" data-end=\"2082\">\n<p data-start=\"2002\" data-end=\"2082\">Solution chimique SSD haute performance et puissante con\u00e7ue pour les applications avanc\u00e9es.<\/p>\n<\/li>\n<li data-start=\"2086\" data-end=\"2197\">\n<p data-start=\"2088\" data-end=\"2197\">Avantages : r\u00e9action plus rapide, quantit\u00e9 n\u00e9cessaire par billet r\u00e9duite, id\u00e9al pour les devises fortement impr\u00e9gn\u00e9es de produits chimiques.<\/p>\n<\/li>\n<\/ul>\n<\/li>\n<li data-start=\"2199\" data-end=\"2500\">\n<p data-start=\"2202\" data-end=\"2253\"><strong data-start=\"2202\" data-end=\"2251\">Formule de solution chimique SSD (m\u00e9langes personnalis\u00e9s)<\/strong><\/p>\n<ul data-start=\"2257\" data-end=\"2500\">\n<li data-start=\"2257\" data-end=\"2330\">\n<p data-start=\"2259\" data-end=\"2330\">Formules sp\u00e9cialis\u00e9es cr\u00e9\u00e9es par des techniciens pour r\u00e9pondre \u00e0 des besoins de nettoyage sp\u00e9cifiques.<\/p>\n<\/li>\n<li data-start=\"2334\" data-end=\"2500\">\n<p data-start=\"2336\" data-end=\"2500\">Exemples d'ingr\u00e9dients : nitrate de mercure, soude caustique (hydroxyde de sodium), chlorure de sodium, \u00e9ther sulfurique, eau distill\u00e9e et activateurs en poudre.<\/p>\n<\/li>\n<\/ul>\n<\/li>\n<\/ol>\n<hr data-start=\"2502\" data-end=\"2505\" \/>\n<p data-start=\"2507\" data-end=\"2916\">&#x1f6e1;&#xfe0f; <strong data-start=\"2511\" data-end=\"2553\">Manipulation s\u00e9curitaire de la solution chimique SSD<\/strong><br data-start=\"2553\" data-end=\"2556\" \/>Lors de l'utilisation <strong data-start=\"2567\" data-end=\"2611\">Solution chimique SSD \u00e0 usage laboratoire<\/strong> \u00c0 des fins professionnelles, des consignes de s\u00e9curit\u00e9 strictes sont obligatoires :<br data-start=\"2677\" data-end=\"2680\" \/>\u2022 Ventilation : Travailler dans un endroit bien ventil\u00e9.<br data-start=\"2718\" data-end=\"2721\" \/>\u2022 Ventilation : Travailler dans un endroit bien ventil\u00e9.<br data-start=\"2767\" data-end=\"2770\" \/>\u2022 M\u00e9lange : Respectez scrupuleusement les proportions de dilution ; ne m\u00e9langez pas avec des produits chimiques inconnus.<br data-start=\"2848\" data-end=\"2851\" \/>\u2022 Conservation : conserver dans un endroit frais et sec, hors de port\u00e9e des enfants.<\/p>\n<hr data-start=\"2918\" data-end=\"2921\" \/>\n<p data-start=\"2923\" data-end=\"2985\">&#x2753; <strong data-start=\"2925\" data-end=\"2983\">Foire aux questions sur la solution chimique SSD<\/strong><\/p>\n<ul data-start=\"2986\" data-end=\"3320\">\n<li data-start=\"2986\" data-end=\"3104\">\n<p data-start=\"2988\" data-end=\"3104\"><strong data-start=\"2988\" data-end=\"3001\">L\u00e9galit\u00e9 :<\/strong> Utilisation <a href=\"https:\/\/buycaluanieonline.com\/fr\/produit\/buy-ssd-chemical-solution\/\"><strong data-start=\"3008\" data-end=\"3033\">Solution chimique SSD<\/strong><\/a> d\u00e9pend des lois locales et de l'intention, car ces substances sont r\u00e9glement\u00e9es.<\/p>\n<\/li>\n<li data-start=\"3105\" data-end=\"3210\">\n<p data-start=\"3107\" data-end=\"3210\"><strong data-start=\"3107\" data-end=\"3127\">Achat en ligne :<\/strong> Vous pouvez <strong data-start=\"3136\" data-end=\"3172\">Acheter la solution chimique SSD en ligne<\/strong>, mais uniquement aupr\u00e8s de fournisseurs r\u00e9put\u00e9s.<\/p>\n<\/li>\n<li data-start=\"3211\" data-end=\"3320\">\n<p data-start=\"3213\" data-end=\"3320\"><strong data-start=\"3213\" data-end=\"3231\">Efficacit\u00e9 :<\/strong> Notre <strong data-start=\"3236\" data-end=\"3274\">Solution chimique SSD de haute qualit\u00e9<\/strong> garantit le nettoyage de l'argent noir trait\u00e9.<\/p>\n<\/li>\n<\/ul>\n<hr data-start=\"3322\" data-end=\"3325\" \/>\n<p data-start=\"3327\" data-end=\"3583\">&#x1f6e0;&#xfe0f; <strong data-start=\"3331\" data-end=\"3365\">Services techniques et auxiliaires<\/strong><br data-start=\"3365\" data-end=\"3368\" \/>Nous fournissons une assistance 24 heures sur 24, 7 jours sur 7, ainsi que des conseils \u00e9tape par \u00e9tape. Nos techniciens peuvent intervenir sur site et proposer des \u00e9quipements suppl\u00e9mentaires tels que des machines de nettoyage laser 3D, des lampes UV et des agents neutralisants pour les clients exp\u00e9riment\u00e9s.<\/p>\n<hr data-start=\"3585\" data-end=\"3588\" \/>\n<p data-start=\"3590\" data-end=\"3936\"><strong data-start=\"3590\" data-end=\"3604\">Conclusion<\/strong><br data-start=\"3604\" data-end=\"3607\" \/>Le <strong data-start=\"3611\" data-end=\"3636\">Solution chimique SSD<\/strong> est un m\u00e9lange chimique v\u00e9rifi\u00e9 destin\u00e9 au nettoyage des billets de banque trait\u00e9s dans des conditions contr\u00f4l\u00e9es par la loi. Des variantes telles que le <strong data-start=\"3757\" data-end=\"3792\">Solution chimique universelle pour SSD<\/strong>, H12 Active et personnalis\u00e9 <strong data-start=\"3817\" data-end=\"3851\">Formules de solutions chimiques SSD<\/strong> Formules de solutions chimiques SSD<\/p>\n<\/div>\n<\/div>","protected":false},"excerpt":{"rendered":"<h2 data-path-to-node=\"0\">\ud83d\udcb0 Solution chimique SSD haute performance pour la restauration des devises<\/h2>\n<p data-path-to-node=\"1\"><b>Poss\u00e9dez-vous de l'argent noir (des billets d\u00e9fra\u00eechis ou tach\u00e9s) ? Nous avons la solution !<\/b><\/p>\n<p data-path-to-node=\"2\">Nous proposons un liquide <b>Solution chimique universelle pour SSD<\/b> d'une qualit\u00e9 exceptionnelle, disponible \u00e0 l'achat \u00e0 des prix incroyables au litre et au kilogramme. Cette formule puissante est savamment m\u00e9lang\u00e9e avec des composants de haute qualit\u00e9 tels que <b>H12 Actif<\/b> et <b>DX-1 automatique<\/b>, sp\u00e9cialement con\u00e7u pour nettoyer les billets de banque noircis, ab\u00eem\u00e9s et tach\u00e9s.<\/p>\n<p data-path-to-node=\"3\">Notre <b><a href=\"https:\/\/buycaluanieonline.com\/fr\/produit\/buy-ssd-chemical-solution\/\">Solution chimique SSD<\/a> formula<\/b> garantit une qualit\u00e9 exceptionnelle <b>Taux de r\u00e9ussite de 99,8 %<\/b> en r\u00e9tablissant votre devise dans son \u00e9tat d'origine.<\/p>\n<h3 data-path-to-node=\"4\">Capacit\u00e9 de nettoyage<\/h3>\n<p data-path-to-node=\"5\">Un seul <b>1-liter<\/b> La quantit\u00e9 de solution permet de nettoyer environ <b>10,000 pieces<\/b> de billets de haute valeur (\u00e9quivalant \u00e0 <b>$1,000,000<\/b> valeur mon\u00e9taire).<\/p>","protected":false},"featured_media":29127,"template":"","meta":[],"product_brand":[],"product_cat":[76],"product_tag":[],"class_list":{"0":"post-29219","1":"product","2":"type-product","3":"status-publish","4":"has-post-thumbnail","6":"product_cat-ssd-chemical","8":"first","9":"instock","10":"sale","11":"shipping-taxable","12":"purchasable","13":"product-type-variable"},"_links":{"self":[{"href":"https:\/\/buycaluanieonline.com\/fr\/wp-json\/wp\/v2\/product\/29219","targetHints":{"allow":["GET"]}}],"collection":[{"href":"https:\/\/buycaluanieonline.com\/fr\/wp-json\/wp\/v2\/product"}],"about":[{"href":"https:\/\/buycaluanieonline.com\/fr\/wp-json\/wp\/v2\/types\/product"}],"version-history":[{"count":5,"href":"https:\/\/buycaluanieonline.com\/fr\/wp-json\/wp\/v2\/product\/29219\/revisions"}],"predecessor-version":[{"id":29581,"href":"https:\/\/buycaluanieonline.com\/fr\/wp-json\/wp\/v2\/product\/29219\/revisions\/29581"}],"wp:featuredmedia":[{"embeddable":true,"href":"https:\/\/buycaluanieonline.com\/fr\/wp-json\/wp\/v2\/media\/29127"}],"wp:attachment":[{"href":"https:\/\/buycaluanieonline.com\/fr\/wp-json\/wp\/v2\/media?parent=29219"}],"wp:term":[{"taxonomy":"product_brand","embeddable":true,"href":"https:\/\/buycaluanieonline.com\/fr\/wp-json\/wp\/v2\/product_brand?post=29219"},{"taxonomy":"product_cat","embeddable":true,"href":"https:\/\/buycaluanieonline.com\/fr\/wp-json\/wp\/v2\/product_cat?post=29219"},{"taxonomy":"product_tag","embeddable":true,"href":"https:\/\/buycaluanieonline.com\/fr\/wp-json\/wp\/v2\/product_tag?post=29219"}],"curies":[{"name":"wp","href":"https:\/\/api.w.org\/{rel}","templated":true}]}}