{"id":29226,"date":"2025-12-15T06:29:18","date_gmt":"2025-12-15T06:29:18","guid":{"rendered":"https:\/\/buycaluanieonline.com\/?post_type=product&#038;p=29226"},"modified":"2026-01-04T19:08:16","modified_gmt":"2026-01-04T19:08:16","slug":"buy-caluanie-muelear-oxidize-1-5l","status":"publish","type":"product","link":"https:\/\/buycaluanieonline.com\/fr_ca\/produit\/buy-caluanie-muelear-oxidize-1-5l\/","title":{"rendered":"Caluanie Muelear Oxyd\u00e9 1,5 litre"},"content":{"rendered":"<h2>\ud83e\uddea Achetez Caluanie Muelear Oxidize 1,5 L en ligne \u2014 Solvant chimique de qualit\u00e9 industrielle<\/h2>\n<p>Si vous souhaitez acheter du caluanie 1,5 L en ligne, notre plateforme offre une option s\u00e9curis\u00e9e et v\u00e9rifi\u00e9e aux professionnels \u00e0 la recherche de caluanie muelear oxidize 1,5 L \u00e0 vendre. Les clients peuvent commander en toute confiance du caluanie 1,5 L en ligne pour un usage industriel et en laboratoire autoris\u00e9 via des canaux de distribution agr\u00e9\u00e9s.<\/p>\n<p>Nous sommes sp\u00e9cialis\u00e9s dans l'achat de caluanie muelear oxidize en quantit\u00e9s de 1,5 litre, et ne fournissons que du caluanie muelear oxidize 1,5 L authentique dans des conteneurs scell\u00e9s et certifi\u00e9s. Si vous cherchez o\u00f9 acheter du caluanie 1,5 L en ligne, notre service aide les acheteurs \u00e0 trouver des produits conformes, tra\u00e7ables et livr\u00e9s de mani\u00e8re fiable.<\/p>\n<p>Les professionnels \u00e0 la recherche du meilleur prix pour le caluanie 1,5 litre en ligne travaillent avec nous, car nous sommes un fournisseur fiable de caluanie 1,5 litre et un distributeur certifi\u00e9 de caluanie muelear oxidize 1,5 litre, offrant une documentation transparente et une ex\u00e9cution r\u00e9glement\u00e9e.<\/p>\n<hr \/>\n<h2>\ud83d\udd0d Pr\u00e9sentation du produit<\/h2>\n<p>Nom du produit : Caluanie Muelear Oxidize<br \/>\nVolume : 1,5 litre<br \/>\nForme : Compos\u00e9 oxydant liquide<br \/>\nClassification : Produit chimique de qualit\u00e9 industrielle<br \/>\nEmballage : conteneur scell\u00e9 conforme aux normes HAZMAT<br \/>\nDisponibilit\u00e9 : Produit chimique Caluanie 1,5 L, achat en ligne r\u00e9serv\u00e9 aux acheteurs agr\u00e9\u00e9s.<\/p>\n<p>Cet agent oxydant caluanie 1,5 litre en ligne est parfois d\u00e9sign\u00e9 dans les milieux techniques comme un oxydant \u00e0 eau lourde 1,5 L disponible \u00e0 l'achat en ligne, strictement r\u00e9serv\u00e9 aux environnements professionnels r\u00e9glement\u00e9s. Les acheteurs \u00e0 la recherche de caluanie 1,5 L de qualit\u00e9 industrielle en ligne peuvent demander une v\u00e9rification et un contr\u00f4le de conformit\u00e9 avant l'exp\u00e9dition.<\/p>\n<hr \/>\n<h2>\ud83e\uddea Applications industrielles et en laboratoire<\/h2>\n<p>Les organisations qui ach\u00e8tent du caluanie muelear oxidize 1,5 L op\u00e8rent g\u00e9n\u00e9ralement dans des environnements agr\u00e9\u00e9s et comprennent les applications d'utilisation du caluanie 1,5 L dans le cadre de processus industriels contr\u00f4l\u00e9s. Les applications courantes comprennent :<\/p>\n<ul>\n<li>Traitement des m\u00e9taux et traitement de surface<\/li>\n<li>Science des mat\u00e9riaux et essais de durabilit\u00e9<\/li>\n<li>Recherche en laboratoire sur l'oxydation<\/li>\n<li>Analyse simul\u00e9e de la corrosion et des contraintes<\/li>\n<\/ul>\n<p>Ces cas d'utilisation correspondent aux acheteurs qui recherchent en ligne le produit chimique caluanie oxidize 1,5 L pour des environnements l\u00e9gitimes de recherche et de traitement industriels.<\/p>\n<hr \/>\n<h2>\ud83d\ude9a Disponibilit\u00e9 r\u00e9gionale et mondiale<\/h2>\n<p>Nous aidons les professionnels qui souhaitent acheter du caluanie 1,5 L en ligne aux \u00c9tats-Unis, ainsi que les organisations \u00e0 la recherche d'un fournisseur de caluanie 1,5 L en Europe ou celles qui souhaitent acheter du caluanie muelear oxidize 1,5 L en Asie. Pour les comptes approuv\u00e9s, la livraison de caluanie 1,5 L dans le monde entier est disponible via des partenaires logistiques conformes.<\/p>\n<p>Les demandes bas\u00e9es sur la localisation, telles que \u00ab caluanie 1,5 L pr\u00e8s de chez moi \u00bb, sont trait\u00e9es par des entrep\u00f4ts sous douane et des transporteurs certifi\u00e9s, sous r\u00e9serve des r\u00e9glementations r\u00e9gionales.<\/p>\n<hr \/>\n<h2>\ud83d\udce6 Options d'approvisionnement en vrac et prolong\u00e9<\/h2>\n<p>En plus des commandes standard, nous prenons \u00e9galement en charge les demandes de commandes en gros en ligne de caluanie 1,5 L pour les acheteurs industriels r\u00e9guliers. Des volumes plus importants sont disponibles sur approbation, ce qui facilite la t\u00e2che des organisations qui g\u00e8rent des cha\u00eenes d'approvisionnement en produits chimiques continues.<\/p>\n<hr \/>\n<h2>\u2753 Foire aux questions<\/h2>\n<p>Qu'est-ce que Caluanie Muelear Oxidize 1,5 L ?<br \/>\nIl s'agit d'un compos\u00e9 oxydant industriel r\u00e9glement\u00e9 fourni \u00e0 des laboratoires agr\u00e9\u00e9s et \u00e0 des fins industrielles.<\/p>\n<p>Est-il l\u00e9gal d'acheter du caluanie 1,5 L en ligne ?<br \/>\nOui, l'achat est l\u00e9gal lorsque les r\u00e9glementations sont respect\u00e9es et que les informations d'identit\u00e9 de l'acheteur sont v\u00e9rifi\u00e9es.<\/p>\n<p>Comment commander caluanie 1,5 L en ligne en toute s\u00e9curit\u00e9 ?<br \/>\nSoumettez une demande, effectuez la v\u00e9rification de l'acheteur, examinez les documents de conformit\u00e9 et finalisez le paiement via les canaux approuv\u00e9s.<\/p>\n<p>Quel est le prix au litre du caluanie oxidize 1,5 L ?<br \/>\nLes prix varient en fonction de la r\u00e9gion, des exigences de conformit\u00e9 et du volume de la commande. Les devis sont fournis apr\u00e8s v\u00e9rification.<\/p>\n<hr \/>\n<h2>\ud83d\uded2 Comment passer commande<\/h2>\n<p>Pour acheter du caluanie en ligne 1,5 L, remplissez le formulaire de commande, fournissez les documents requis et s\u00e9lectionnez l'option d'exp\u00e9dition de votre choix. Une fois votre commande approuv\u00e9e, votre caluanie muelear oxidize 1,5 L sera emball\u00e9 avec tous les documents r\u00e9glementaires et exp\u00e9di\u00e9 par des transporteurs agr\u00e9\u00e9s.<\/p>","protected":false},"excerpt":{"rendered":"<p>Acheter un Caluanie Muelear authentique<br \/>\nContenance : 1,5 L<br \/>\nContenance : 1,5 L<br \/>\nCouleur : Transparent<\/p>","protected":false},"featured_media":29093,"template":"","meta":[],"product_brand":[],"product_cat":[25],"product_tag":[],"class_list":{"0":"post-29226","1":"product","2":"type-product","3":"status-publish","4":"has-post-thumbnail","6":"product_cat-caluanie","8":"first","9":"instock","10":"sale","11":"shipping-taxable","12":"purchasable","13":"product-type-simple"},"_links":{"self":[{"href":"https:\/\/buycaluanieonline.com\/fr_ca\/wp-json\/wp\/v2\/product\/29226","targetHints":{"allow":["GET"]}}],"collection":[{"href":"https:\/\/buycaluanieonline.com\/fr_ca\/wp-json\/wp\/v2\/product"}],"about":[{"href":"https:\/\/buycaluanieonline.com\/fr_ca\/wp-json\/wp\/v2\/types\/product"}],"version-history":[{"count":8,"href":"https:\/\/buycaluanieonline.com\/fr_ca\/wp-json\/wp\/v2\/product\/29226\/revisions"}],"predecessor-version":[{"id":29632,"href":"https:\/\/buycaluanieonline.com\/fr_ca\/wp-json\/wp\/v2\/product\/29226\/revisions\/29632"}],"wp:featuredmedia":[{"embeddable":true,"href":"https:\/\/buycaluanieonline.com\/fr_ca\/wp-json\/wp\/v2\/media\/29093"}],"wp:attachment":[{"href":"https:\/\/buycaluanieonline.com\/fr_ca\/wp-json\/wp\/v2\/media?parent=29226"}],"wp:term":[{"taxonomy":"product_brand","embeddable":true,"href":"https:\/\/buycaluanieonline.com\/fr_ca\/wp-json\/wp\/v2\/product_brand?post=29226"},{"taxonomy":"product_cat","embeddable":true,"href":"https:\/\/buycaluanieonline.com\/fr_ca\/wp-json\/wp\/v2\/product_cat?post=29226"},{"taxonomy":"product_tag","embeddable":true,"href":"https:\/\/buycaluanieonline.com\/fr_ca\/wp-json\/wp\/v2\/product_tag?post=29226"}],"curies":[{"name":"wp","href":"https:\/\/api.w.org\/{rel}","templated":true}]}}