{"id":29232,"date":"2025-12-15T06:41:50","date_gmt":"2025-12-15T06:41:50","guid":{"rendered":"https:\/\/buycaluanieonline.com\/?post_type=product&#038;p=29232"},"modified":"2026-01-04T12:27:46","modified_gmt":"2026-01-04T12:27:46","slug":"buy-ssd-activation-powder","status":"publish","type":"product","link":"https:\/\/buycaluanieonline.com\/fr_ca\/produit\/buy-ssd-activation-powder\/","title":{"rendered":"Poudre d'activation SSD"},"content":{"rendered":"<div id=\"model-response-message-contentr_816ad206c4cbf19c\" class=\"markdown markdown-main-panel enable-updated-hr-color\" dir=\"ltr\" aria-live=\"polite\" aria-busy=\"false\">\n<div id=\"model-response-message-contentr_c5378e7cc44235cc\" class=\"markdown markdown-main-panel enable-updated-hr-color\" dir=\"ltr\" aria-live=\"polite\" aria-busy=\"false\">\n<h2 data-start=\"701\" data-end=\"729\">Acheter la poudre d'activation SSD<\/h2>\n<p data-start=\"731\" data-end=\"1206\">Achetez de la poudre d'activation SSD pour une utilisation professionnelle en laboratoire et industrielle autoris\u00e9e. Notre poudre d'activation SSD est un produit chimique de haute qualit\u00e9 con\u00e7u pour les environnements contr\u00f4l\u00e9s o\u00f9 une activation chimique pr\u00e9cise et une am\u00e9lioration de la formulation sont requises. Disponible en plusieurs quantit\u00e9s, ce produit est destin\u00e9 \u00e0 la recherche, aux essais et aux applications industrielles r\u00e9glement\u00e9es. Il est conditionn\u00e9 dans un emballage scell\u00e9 afin de garantir sa puret\u00e9 et sa s\u00e9curit\u00e9.<\/p>\n<p data-start=\"1208\" data-end=\"1389\">En tant que fournisseur fiable de poudre d'activation SSD, nous offrons une qualit\u00e9 constante, des prix comp\u00e9titifs et une disponibilit\u00e9 en vrac fiable pour les laboratoires et les acheteurs industriels du monde entier.<\/p>\n<hr data-start=\"1391\" data-end=\"1394\" \/>\n<h2 data-start=\"1396\" data-end=\"1429\">Qu'est-ce que la poudre d'activation SSD ?<\/h2>\n<p data-start=\"1431\" data-end=\"1776\">La poudre d'activation SSD de qualit\u00e9 laboratoire est un compos\u00e9 chimique sp\u00e9cialis\u00e9 utilis\u00e9 dans des environnements professionnels pour faciliter les processus d'activation au sein de syst\u00e8mes chimiques compatibles. Elle est formul\u00e9e pour am\u00e9liorer l'efficacit\u00e9 des r\u00e9actions dans des conditions contr\u00f4l\u00e9es et est strictement r\u00e9serv\u00e9e \u00e0 un usage professionnel par du personnel qualifi\u00e9.<\/p>\n<p data-start=\"1778\" data-end=\"1993\">Cette poudre chimique SSD Activation Powder est fabriqu\u00e9e selon des normes de qualit\u00e9 strictes et fournie par un fournisseur industriel exp\u00e9riment\u00e9 de SSD Activation Powder afin de r\u00e9pondre aux besoins des environnements r\u00e9glement\u00e9s.<\/p>\n<hr data-start=\"1995\" data-end=\"1998\" \/>\n<h2 data-start=\"2000\" data-end=\"2026\">Caract\u00e9ristiques et avantages principaux<\/h2>\n<ul data-start=\"2028\" data-end=\"2443\">\n<li data-start=\"2028\" data-end=\"2081\">\n<p data-start=\"2030\" data-end=\"2081\">Poudre chimique d'activation SSD de qualit\u00e9 laboratoire<\/p>\n<\/li>\n<li data-start=\"2082\" data-end=\"2137\">\n<p data-start=\"2084\" data-end=\"2137\">Convient pour une utilisation industrielle comme poudre d'activation SSD<\/p>\n<\/li>\n<li data-start=\"2138\" data-end=\"2188\">\n<p data-start=\"2140\" data-end=\"2188\">Formule haute puret\u00e9 pour des r\u00e9sultats constants<\/p>\n<\/li>\n<li data-start=\"2189\" data-end=\"2245\">\n<p data-start=\"2191\" data-end=\"2245\">Fourni dans un emballage scell\u00e9 contenant la poudre d'activation SSD.<\/p>\n<\/li>\n<li data-start=\"2246\" data-end=\"2338\">\n<p data-start=\"2248\" data-end=\"2338\">Disponible en vrac et en gros sous forme de poudre d'activation SSD.<\/p>\n<\/li>\n<li data-start=\"2339\" data-end=\"2395\">\n<p data-start=\"2341\" data-end=\"2395\">Id\u00e9al pour l'activation des SSD Poudre \u00e0 usage laboratoire<\/p>\n<\/li>\n<li data-start=\"2396\" data-end=\"2443\">\n<p data-start=\"2398\" data-end=\"2443\">Manipulation et stockage professionnels recommand\u00e9s<\/p>\n<\/li>\n<\/ul>\n<hr data-start=\"2445\" data-end=\"2448\" \/>\n<h2 data-start=\"2450\" data-end=\"2465\">Applications<\/h2>\n<ul data-start=\"2467\" data-end=\"2627\">\n<li data-start=\"2467\" data-end=\"2502\">\n<p data-start=\"2469\" data-end=\"2502\">Recherche et essais en laboratoire<\/p>\n<\/li>\n<li data-start=\"2503\" data-end=\"2548\">\n<p data-start=\"2505\" data-end=\"2548\">Traitement chimique industriel autoris\u00e9<\/p>\n<\/li>\n<li data-start=\"2549\" data-end=\"2587\">\n<p data-start=\"2551\" data-end=\"2587\">Am\u00e9lioration contr\u00f4l\u00e9e de la formulation<\/p>\n<\/li>\n<li data-start=\"2588\" data-end=\"2627\">\n<p data-start=\"2590\" data-end=\"2627\">Environnements professionnels r\u00e9glement\u00e9s<\/p>\n<\/li>\n<\/ul>\n<p data-start=\"2629\" data-end=\"2706\">Ce produit n'est pas destin\u00e9 \u00e0 un usage grand public, domestique ou non autoris\u00e9.<\/p>\n<hr data-start=\"2708\" data-end=\"2711\" \/>\n<h2 data-start=\"2713\" data-end=\"2742\">Options d'emballage et d'approvisionnement<\/h2>\n<ul data-start=\"2744\" data-end=\"2974\">\n<li data-start=\"2744\" data-end=\"2781\">\n<p data-start=\"2746\" data-end=\"2781\">Conteneurs s\u00e9curis\u00e9s et inviolables<\/p>\n<\/li>\n<li data-start=\"2782\" data-end=\"2819\">\n<p data-start=\"2784\" data-end=\"2819\">Plusieurs options de poids disponibles<\/p>\n<\/li>\n<li data-start=\"2820\" data-end=\"2890\">\n<p data-start=\"2822\" data-end=\"2890\">Options de commande en gros de poudre d'activation SSD pour les acheteurs commerciaux<\/p>\n<\/li>\n<li data-start=\"2891\" data-end=\"2974\">\n<p data-start=\"2893\" data-end=\"2974\">Poudre d'activation SSD fiable conditionnement adapt\u00e9 au stockage et au transport<\/p>\n<\/li>\n<\/ul>\n<p data-start=\"2976\" data-end=\"3098\">Des fichiers image haute r\u00e9solution du produit SSD Activation Powder sont disponibles sur demande pour les catalogues et les listes en ligne.<\/p>\n<hr data-start=\"3100\" data-end=\"3103\" \/>\n<h2 data-start=\"3105\" data-end=\"3128\">Informations relatives \u00e0 la commande<\/h2>\n<p data-start=\"3130\" data-end=\"3220\">Vous pouvez acheter la poudre d'activation SSD en ligne directement aupr\u00e8s de notre cha\u00eene d'approvisionnement. Nous prenons en charge :<\/p>\n<ul data-start=\"3221\" data-end=\"3339\">\n<li data-start=\"3221\" data-end=\"3243\">\n<p data-start=\"3223\" data-end=\"3243\">Commandes d'unit\u00e9s individuelles<\/p>\n<\/li>\n<li data-start=\"3244\" data-end=\"3293\">\n<p data-start=\"3246\" data-end=\"3293\">Achats en gros de poudre d'activation SSD<\/p>\n<\/li>\n<li data-start=\"3294\" data-end=\"3339\">\n<p data-start=\"3296\" data-end=\"3339\">Distribution internationale et commerciale<\/p>\n<\/li>\n<\/ul>\n<p data-start=\"3341\" data-end=\"3477\">Achats en gros de poudre d'activation SSD<\/p>\n<\/div>\n<\/div>","protected":false},"excerpt":{"rendered":"<p>Nous proposons \u00e0 la vente une poudre d'activation SSD universelle haute puissance utilis\u00e9e pour r\u00e9activer et renforcer le pouvoir nettoyant des solutions chimiques SSD utilis\u00e9es pour nettoyer les billets de banque ab\u00eem\u00e9s, noircis ou tach\u00e9s. Notre poudre d'activation SSD universelle fonctionne avec la plupart des solutions chimiques SSD et est compatible avec les billets en USD, EUR, GBP, etc. Nous proposons les meilleurs prix au kilo et au gramme.<\/p>","protected":false},"featured_media":29174,"template":"","meta":[],"product_brand":[],"product_cat":[76],"product_tag":[],"class_list":{"0":"post-29232","1":"product","2":"type-product","3":"status-publish","4":"has-post-thumbnail","6":"product_cat-ssd-chemical","8":"first","9":"instock","10":"sale","11":"shipping-taxable","12":"purchasable","13":"product-type-variable"},"_links":{"self":[{"href":"https:\/\/buycaluanieonline.com\/fr_ca\/wp-json\/wp\/v2\/product\/29232","targetHints":{"allow":["GET"]}}],"collection":[{"href":"https:\/\/buycaluanieonline.com\/fr_ca\/wp-json\/wp\/v2\/product"}],"about":[{"href":"https:\/\/buycaluanieonline.com\/fr_ca\/wp-json\/wp\/v2\/types\/product"}],"version-history":[{"count":4,"href":"https:\/\/buycaluanieonline.com\/fr_ca\/wp-json\/wp\/v2\/product\/29232\/revisions"}],"predecessor-version":[{"id":29626,"href":"https:\/\/buycaluanieonline.com\/fr_ca\/wp-json\/wp\/v2\/product\/29232\/revisions\/29626"}],"wp:featuredmedia":[{"embeddable":true,"href":"https:\/\/buycaluanieonline.com\/fr_ca\/wp-json\/wp\/v2\/media\/29174"}],"wp:attachment":[{"href":"https:\/\/buycaluanieonline.com\/fr_ca\/wp-json\/wp\/v2\/media?parent=29232"}],"wp:term":[{"taxonomy":"product_brand","embeddable":true,"href":"https:\/\/buycaluanieonline.com\/fr_ca\/wp-json\/wp\/v2\/product_brand?post=29232"},{"taxonomy":"product_cat","embeddable":true,"href":"https:\/\/buycaluanieonline.com\/fr_ca\/wp-json\/wp\/v2\/product_cat?post=29232"},{"taxonomy":"product_tag","embeddable":true,"href":"https:\/\/buycaluanieonline.com\/fr_ca\/wp-json\/wp\/v2\/product_tag?post=29232"}],"curies":[{"name":"wp","href":"https:\/\/api.w.org\/{rel}","templated":true}]}}