{"id":4400,"date":"2021-10-12T15:51:09","date_gmt":"2021-10-12T15:51:09","guid":{"rendered":"http:\/\/dummy.xtemos.com\/woodmart2\/elementor\/?page_id=4400"},"modified":"2025-12-29T21:03:25","modified_gmt":"2025-12-29T21:03:25","slug":"about-us-3","status":"publish","type":"page","link":"https:\/\/buycaluanieonline.com\/fr_fr\/about-us-3\/","title":{"rendered":"\u00c0 propos de nous"},"content":{"rendered":"<div data-elementor-type=\"wp-page\" data-elementor-id=\"4400\" class=\"elementor elementor-4400\" data-elementor-post-type=\"page\">\n\t\t\t\t<div class=\"wd-negative-gap elementor-element elementor-element-7c7c544 e-flex e-con-boxed e-con e-parent\" data-id=\"7c7c544\" data-element_type=\"container\" data-e-type=\"container\">\n\t\t\t\t\t<div class=\"e-con-inner\">\n\t\t<div class=\"elementor-element elementor-element-e7cb5cd e-con-full e-flex e-con e-child\" data-id=\"e7cb5cd\" data-element_type=\"container\" data-e-type=\"container\">\n\t\t\t\t<div class=\"elementor-element elementor-element-56aec39 elementor-widget elementor-widget-wd_image_or_svg\" data-id=\"56aec39\" data-element_type=\"widget\" data-e-type=\"widget\" data-widget_type=\"wd_image_or_svg.default\">\n\t\t\t\t<div class=\"elementor-widget-container\">\n\t\t\t\t\t\n\t\t<div class=\"wd-image text-left\">\n\t\t\t\t\t\t\t\t<img loading=\"lazy\" decoding=\"async\" width=\"2048\" height=\"1152\" src=\"https:\/\/buycaluanieonline.com\/wp-content\/uploads\/2025\/12\/Downloaderla-63bebf7c1d0eb-Picsart-AiImageEnhancer.png\" class=\"attachment-full size-full\" alt=\"about us\" srcset=\"https:\/\/buycaluanieonline.com\/wp-content\/uploads\/2025\/12\/Downloaderla-63bebf7c1d0eb-Picsart-AiImageEnhancer.png 2048w, https:\/\/buycaluanieonline.com\/wp-content\/uploads\/2025\/12\/Downloaderla-63bebf7c1d0eb-Picsart-AiImageEnhancer-400x225.png 400w, https:\/\/buycaluanieonline.com\/wp-content\/uploads\/2025\/12\/Downloaderla-63bebf7c1d0eb-Picsart-AiImageEnhancer-1300x731.png 1300w, https:\/\/buycaluanieonline.com\/wp-content\/uploads\/2025\/12\/Downloaderla-63bebf7c1d0eb-Picsart-AiImageEnhancer-768x432.png 768w, https:\/\/buycaluanieonline.com\/wp-content\/uploads\/2025\/12\/Downloaderla-63bebf7c1d0eb-Picsart-AiImageEnhancer-1536x864.png 1536w, https:\/\/buycaluanieonline.com\/wp-content\/uploads\/2025\/12\/Downloaderla-63bebf7c1d0eb-Picsart-AiImageEnhancer-430x242.png 430w, https:\/\/buycaluanieonline.com\/wp-content\/uploads\/2025\/12\/Downloaderla-63bebf7c1d0eb-Picsart-AiImageEnhancer-700x394.png 700w, https:\/\/buycaluanieonline.com\/wp-content\/uploads\/2025\/12\/Downloaderla-63bebf7c1d0eb-Picsart-AiImageEnhancer-150x84.png 150w\" sizes=\"auto, (max-width: 2048px) 100vw, 2048px\" \/>\t\t\t\t\t<\/div>\n\n\t\t\t\t\t\t<\/div>\n\t\t\t\t<\/div>\n\t\t\t\t<\/div>\n\t\t<div class=\"elementor-element elementor-element-97d6084 e-con-full e-flex e-con e-child\" data-id=\"97d6084\" data-element_type=\"container\" data-e-type=\"container\">\n\t\t\t\t<div class=\"elementor-element elementor-element-98d830b wd-width-100 elementor-widget elementor-widget-wd_title\" data-id=\"98d830b\" data-element_type=\"widget\" data-e-type=\"widget\" data-widget_type=\"wd_title.default\">\n\t\t\t\t<div class=\"elementor-widget-container\">\n\t\t\t\t\t\t\t<div class=\"title-wrapper wd-set-mb reset-last-child wd-title-color-primary wd-title-style-default wd-title-size-large text-left\">\n\n\t\t\t\n\t\t\t<div class=\"liner-continer\">\n\t\t\t\t<h4 class=\"woodmart-title-container title wd-fontsize-xxl\">About US <\/h4> \n\t\t\t\t\t\t\t<\/div>\n\n\t\t\t\t\t<\/div>\n\t\t\t\t\t\t<\/div>\n\t\t\t\t<\/div>\n\t\t\t\t<div class=\"elementor-element elementor-element-66e47ad elementor-widget elementor-widget-wd_text_block\" data-id=\"66e47ad\" data-element_type=\"widget\" data-e-type=\"widget\" data-widget_type=\"wd_text_block.default\">\n\t\t\t\t<div class=\"elementor-widget-container\">\n\t\t\t\t\t\t\t<div class=\"wd-text-block reset-last-child text-left\">\n\t\t\t\n\t\t\t<p data-start=\"116\" data-end=\"581\"><a href=\"https:\/\/buycaluanieonline.com\/fr_fr\/about-us-3\/\">\u00c0 propos de nous<\/a> - Our facility is dedicated to the production of <strong data-start=\"163\" data-end=\"225\">authentic <a href=\"https:\/\/buycaluanieonline.com\/fr_fr\/product-category\/caluanie\/\">Caluanie Muelear Oxidize<\/a> et <a href=\"https:\/\/buycaluanieonline.com\/fr_fr\/product-category\/ssd-chimique\/\">SSD chemical\/powder<\/a><\/strong>, un <strong data-start=\"229\" data-end=\"269\">produit chimique industriel haute performance<\/strong> couramment utilis\u00e9 dans <strong data-start=\"291\" data-end=\"385\">traitement des m\u00e9taux, d\u00e9sint\u00e9gration des mat\u00e9riaux, d\u00e9capage de peinture et d'adh\u00e9sifs, recherche industrielle<\/strong>, et d'autres applications sp\u00e9cialis\u00e9es. Chaque lot est fabriqu\u00e9 selon <strong data-start=\"457\" data-end=\"493\">protocoles stricts de contr\u00f4le de la qualit\u00e9<\/strong> et <strong data-start=\"498\" data-end=\"519\">test\u00e9 en laboratoire<\/strong> pour garantir <strong data-start=\"530\" data-end=\"580\">coh\u00e9rence, puret\u00e9 et efficacit\u00e9 maximale<\/strong>.<\/p><p data-start=\"583\" data-end=\"934\">En tant que fiable <strong data-start=\"597\" data-end=\"651\">Caluanie Muelear Fabricant et fournisseur d'oxydants<\/strong>, nous soutenons un large \u00e9ventail de secteurs dans l'ensemble du <strong data-start=\"703\" data-end=\"757\">\u00c9tats-Unis, Am\u00e9rique latine, Europe, Asie et Asie centrale<\/strong>. Nous servons \u00e0 la fois <strong data-start=\"773\" data-end=\"845\">petits laboratoires de recherche et grandes op\u00e9rations de fabrication<\/strong>, offrant <strong data-start=\"856\" data-end=\"887\">solutions d'approvisionnement personnalis\u00e9es<\/strong> <a href=\"https:\/\/caluanieoxidizeusa.com\/product\/caluanie-muelear-oxidize-10l\/\" target=\"_blank\" rel=\"noopener\">tailored<\/a> \u00e0 des exigences op\u00e9rationnelles sp\u00e9cifiques.<\/p><p data-start=\"936\" data-end=\"1378\">Les clients nous choisissent pour <strong data-start=\"958\" data-end=\"1044\">disponibilit\u00e9 stable des produits, tarification transparente et assistance technique fiable<\/strong> tout au long du processus d'achat. Qu'il s'agisse de r\u00e9pondre \u00e0 une <strong data-start=\"1101\" data-end=\"1149\">commande unique ou contrat d'approvisionnement \u00e0 long terme<\/strong>, nous <a href=\"https:\/\/buycaluanieonline.com\/fr_fr\/\" target=\"_blank\" rel=\"noopener\">maintenir<\/a> le m\u00eame engagement envers <strong data-start=\"1186\" data-end=\"1222\">qualit\u00e9, fiabilit\u00e9 et s\u00e9curit\u00e9<\/strong>. Notre souci de la pr\u00e9cision dans la fabrication et nos tests rigoureux garantissent un produit qui inspire confiance. <a href=\"https:\/\/brunoxchemicals.com\/about-us-3\/\" target=\"_blank\" rel=\"noopener\">professionnels<\/a> dans le monde entier pour <strong data-start=\"1340\" data-end=\"1377\">applications industrielles exigeantes<\/strong>.<\/p>\n\t\t\t\t\t<\/div>\n\t\t\t\t\t\t<\/div>\n\t\t\t\t<\/div>\n\t\t\t\t<\/div>\n\t\t\t\t\t<\/div>\n\t\t\t\t<\/div>\n\t\t<div class=\"wd-negative-gap elementor-element elementor-element-8481c26 e-flex e-con-boxed e-con e-parent\" data-id=\"8481c26\" data-element_type=\"container\" data-e-type=\"container\">\n\t\t\t\t\t<div class=\"e-con-inner\">\n\t\t\t\t<div class=\"elementor-element elementor-element-d66a211 wd-width-100 elementor-widget elementor-widget-wd_title\" data-id=\"d66a211\" data-element_type=\"widget\" data-e-type=\"widget\" data-widget_type=\"wd_title.default\">\n\t\t\t\t<div class=\"elementor-widget-container\">\n\t\t\t\t\t\t\t<div class=\"title-wrapper wd-set-mb reset-last-child wd-title-color-primary wd-title-style-default wd-title-size-large text-center\">\n\n\t\t\t\n\t\t\t<div class=\"liner-continer\">\n\t\t\t\t<h4 class=\"woodmart-title-container title wd-fontsize-xxl\">Notre diff\u00e9rence<\/h4> \n\t\t\t\t\t\t\t<\/div>\n\n\t\t\t\t\t<\/div>\n\t\t\t\t\t\t<\/div>\n\t\t\t\t<\/div>\n\t\t\t\t\t<\/div>\n\t\t\t\t<\/div>\n\t\t<div class=\"wd-negative-gap elementor-element elementor-element-f168c0a e-flex e-con-boxed e-con e-parent\" data-id=\"f168c0a\" data-element_type=\"container\" data-e-type=\"container\">\n\t\t\t\t\t<div class=\"e-con-inner\">\n\t\t<div class=\"elementor-element elementor-element-5642404 e-con-full e-flex e-con e-child\" data-id=\"5642404\" data-element_type=\"container\" data-e-type=\"container\">\n\t\t\t\t<div class=\"elementor-element elementor-element-6150743 elementor-widget elementor-widget-wd_image_or_svg\" data-id=\"6150743\" data-element_type=\"widget\" data-e-type=\"widget\" data-widget_type=\"wd_image_or_svg.default\">\n\t\t\t\t<div class=\"elementor-widget-container\">\n\t\t\t\t\t\n\t\t<div class=\"wd-image text-left\">\n\t\t\t\t\t\t\t\t<img loading=\"lazy\" decoding=\"async\" width=\"1704\" height=\"1276\" src=\"https:\/\/buycaluanieonline.com\/wp-content\/uploads\/2025\/12\/caluanie-muelear-oxidize_foto_largest-1-Picsart-AiImageEnhancer.jpg\" class=\"attachment-full size-full\" alt=\"\" srcset=\"https:\/\/buycaluanieonline.com\/wp-content\/uploads\/2025\/12\/caluanie-muelear-oxidize_foto_largest-1-Picsart-AiImageEnhancer.jpg 1704w, https:\/\/buycaluanieonline.com\/wp-content\/uploads\/2025\/12\/caluanie-muelear-oxidize_foto_largest-1-Picsart-AiImageEnhancer-400x300.jpg 400w, https:\/\/buycaluanieonline.com\/wp-content\/uploads\/2025\/12\/caluanie-muelear-oxidize_foto_largest-1-Picsart-AiImageEnhancer-1068x800.jpg 1068w, https:\/\/buycaluanieonline.com\/wp-content\/uploads\/2025\/12\/caluanie-muelear-oxidize_foto_largest-1-Picsart-AiImageEnhancer-768x575.jpg 768w, https:\/\/buycaluanieonline.com\/wp-content\/uploads\/2025\/12\/caluanie-muelear-oxidize_foto_largest-1-Picsart-AiImageEnhancer-1536x1150.jpg 1536w, https:\/\/buycaluanieonline.com\/wp-content\/uploads\/2025\/12\/caluanie-muelear-oxidize_foto_largest-1-Picsart-AiImageEnhancer-430x322.jpg 430w, https:\/\/buycaluanieonline.com\/wp-content\/uploads\/2025\/12\/caluanie-muelear-oxidize_foto_largest-1-Picsart-AiImageEnhancer-700x524.jpg 700w, https:\/\/buycaluanieonline.com\/wp-content\/uploads\/2025\/12\/caluanie-muelear-oxidize_foto_largest-1-Picsart-AiImageEnhancer-150x112.jpg 150w\" sizes=\"auto, (max-width: 1704px) 100vw, 1704px\" \/>\t\t\t\t\t<\/div>\n\n\t\t\t\t\t\t<\/div>\n\t\t\t\t<\/div>\n\t\t\t\t<\/div>\n\t\t<div class=\"elementor-element elementor-element-b67633c e-con-full e-flex e-con e-child\" data-id=\"b67633c\" data-element_type=\"container\" data-e-type=\"container\">\n\t\t\t\t<div class=\"elementor-element elementor-element-5fcf642 wd-width-100 elementor-widget elementor-widget-wd_title\" data-id=\"5fcf642\" data-element_type=\"widget\" data-e-type=\"widget\" data-widget_type=\"wd_title.default\">\n\t\t\t\t<div class=\"elementor-widget-container\">\n\t\t\t\t\t\t\t<div class=\"title-wrapper wd-set-mb reset-last-child wd-title-color-default wd-title-style-default wd-title-size-default text-left\">\n\n\t\t\t\n\t\t\t<div class=\"liner-continer\">\n\t\t\t\t<h4 class=\"woodmart-title-container title wd-fontsize-l\">Garantie Caluanie Muelear Oxidize \u2013 Votre solution chimique de confiance<\/h4> \n\t\t\t\t\t\t\t<\/div>\n\n\t\t\t\t\t<\/div>\n\t\t\t\t\t\t<\/div>\n\t\t\t\t<\/div>\n\t\t\t\t<div class=\"elementor-element elementor-element-ffcd5eb elementor-widget elementor-widget-wd_text_block\" data-id=\"ffcd5eb\" data-element_type=\"widget\" data-e-type=\"widget\" data-widget_type=\"wd_text_block.default\">\n\t\t\t\t<div class=\"elementor-widget-container\">\n\t\t\t\t\t\t\t<div class=\"wd-text-block reset-last-child text-left\">\n\t\t\t\n\t\t\t<p class=\"\" data-start=\"4128\" data-end=\"4430\">Quand vous\u00a0<strong data-start=\"4137\" data-end=\"4176\">acheter Caluanie Muelear Oxidize en ligne<\/strong>, soyez assur\u00e9 que vous b\u00e9n\u00e9ficiez d'un produit haut de gamme b\u00e9n\u00e9ficiant de notre assistance compl\u00e8te.\u00a0<strong data-start=\"4261\" data-end=\"4274\">garantie<\/strong>Nous accordons la priorit\u00e9 \u00e0 la qualit\u00e9, \u00e0 la s\u00e9curit\u00e9 et \u00e0 la satisfaction du client pour chaque commande. Faites-nous confiance.\u00a0<strong data-start=\"4357\" data-end=\"4390\">Caluanie Muelear Oxydation Boutique<\/strong>\u00a0pour vos besoins industriels et de recherche<\/p>\n\t\t\t\t\t<\/div>\n\t\t\t\t\t\t<\/div>\n\t\t\t\t<\/div>\n\t\t\t\t<\/div>\n\t\t\t\t\t<\/div>\n\t\t\t\t<\/div>\n\t\t\t\t<\/div>","protected":false},"excerpt":{"rendered":"<p>About US About Us &#8211; Our facility is dedicated to the production of authentic Caluanie Muelear Oxidize and SSD chemical\/powder,<\/p>","protected":false},"author":1,"featured_media":0,"parent":0,"menu_order":0,"comment_status":"closed","ping_status":"closed","template":"","meta":{"footnotes":""},"class_list":["post-4400","page","type-page","status-publish","hentry"],"_links":{"self":[{"href":"https:\/\/buycaluanieonline.com\/fr_fr\/wp-json\/wp\/v2\/pages\/4400","targetHints":{"allow":["GET"]}}],"collection":[{"href":"https:\/\/buycaluanieonline.com\/fr_fr\/wp-json\/wp\/v2\/pages"}],"about":[{"href":"https:\/\/buycaluanieonline.com\/fr_fr\/wp-json\/wp\/v2\/types\/page"}],"author":[{"embeddable":true,"href":"https:\/\/buycaluanieonline.com\/fr_fr\/wp-json\/wp\/v2\/users\/1"}],"replies":[{"embeddable":true,"href":"https:\/\/buycaluanieonline.com\/fr_fr\/wp-json\/wp\/v2\/comments?post=4400"}],"version-history":[{"count":35,"href":"https:\/\/buycaluanieonline.com\/fr_fr\/wp-json\/wp\/v2\/pages\/4400\/revisions"}],"predecessor-version":[{"id":29618,"href":"https:\/\/buycaluanieonline.com\/fr_fr\/wp-json\/wp\/v2\/pages\/4400\/revisions\/29618"}],"wp:attachment":[{"href":"https:\/\/buycaluanieonline.com\/fr_fr\/wp-json\/wp\/v2\/media?parent=4400"}],"curies":[{"name":"wp","href":"https:\/\/api.w.org\/{rel}","templated":true}]}}