{"id":4400,"date":"2021-10-12T15:51:09","date_gmt":"2021-10-12T15:51:09","guid":{"rendered":"http:\/\/dummy.xtemos.com\/woodmart2\/elementor\/?page_id=4400"},"modified":"2025-12-29T21:03:25","modified_gmt":"2025-12-29T21:03:25","slug":"ve-chung-toi","status":"publish","type":"page","link":"https:\/\/buycaluanieonline.com\/vi\/ve-chung-toi\/","title":{"rendered":"V\u1ec1 ch\u00fang t\u00f4i"},"content":{"rendered":"<div data-elementor-type=\"wp-page\" data-elementor-id=\"4400\" class=\"elementor elementor-4400\" data-elementor-post-type=\"page\">\n\t\t\t\t<div class=\"wd-negative-gap elementor-element elementor-element-7c7c544 e-flex e-con-boxed e-con e-parent\" data-id=\"7c7c544\" data-element_type=\"container\" data-e-type=\"container\">\n\t\t\t\t\t<div class=\"e-con-inner\">\n\t\t<div class=\"elementor-element elementor-element-e7cb5cd e-con-full e-flex e-con e-child\" data-id=\"e7cb5cd\" data-element_type=\"container\" data-e-type=\"container\">\n\t\t\t\t<div class=\"elementor-element elementor-element-56aec39 elementor-widget elementor-widget-wd_image_or_svg\" data-id=\"56aec39\" data-element_type=\"widget\" data-e-type=\"widget\" data-widget_type=\"wd_image_or_svg.default\">\n\t\t\t\t<div class=\"elementor-widget-container\">\n\t\t\t\t\t\n\t\t<div class=\"wd-image text-left\">\n\t\t\t\t\t\t\t\t<img loading=\"lazy\" decoding=\"async\" width=\"2048\" height=\"1152\" src=\"https:\/\/buycaluanieonline.com\/wp-content\/uploads\/2025\/12\/Downloaderla-63bebf7c1d0eb-Picsart-AiImageEnhancer.png\" class=\"attachment-full size-full\" alt=\"about us\" srcset=\"https:\/\/buycaluanieonline.com\/wp-content\/uploads\/2025\/12\/Downloaderla-63bebf7c1d0eb-Picsart-AiImageEnhancer.png 2048w, https:\/\/buycaluanieonline.com\/wp-content\/uploads\/2025\/12\/Downloaderla-63bebf7c1d0eb-Picsart-AiImageEnhancer-400x225.png 400w, https:\/\/buycaluanieonline.com\/wp-content\/uploads\/2025\/12\/Downloaderla-63bebf7c1d0eb-Picsart-AiImageEnhancer-1300x731.png 1300w, https:\/\/buycaluanieonline.com\/wp-content\/uploads\/2025\/12\/Downloaderla-63bebf7c1d0eb-Picsart-AiImageEnhancer-768x432.png 768w, https:\/\/buycaluanieonline.com\/wp-content\/uploads\/2025\/12\/Downloaderla-63bebf7c1d0eb-Picsart-AiImageEnhancer-1536x864.png 1536w, https:\/\/buycaluanieonline.com\/wp-content\/uploads\/2025\/12\/Downloaderla-63bebf7c1d0eb-Picsart-AiImageEnhancer-430x242.png 430w, https:\/\/buycaluanieonline.com\/wp-content\/uploads\/2025\/12\/Downloaderla-63bebf7c1d0eb-Picsart-AiImageEnhancer-700x394.png 700w, https:\/\/buycaluanieonline.com\/wp-content\/uploads\/2025\/12\/Downloaderla-63bebf7c1d0eb-Picsart-AiImageEnhancer-150x84.png 150w\" sizes=\"auto, (max-width: 2048px) 100vw, 2048px\" \/>\t\t\t\t\t<\/div>\n\n\t\t\t\t\t\t<\/div>\n\t\t\t\t<\/div>\n\t\t\t\t<\/div>\n\t\t<div class=\"elementor-element elementor-element-97d6084 e-con-full e-flex e-con e-child\" data-id=\"97d6084\" data-element_type=\"container\" data-e-type=\"container\">\n\t\t\t\t<div class=\"elementor-element elementor-element-98d830b wd-width-100 elementor-widget elementor-widget-wd_title\" data-id=\"98d830b\" data-element_type=\"widget\" data-e-type=\"widget\" data-widget_type=\"wd_title.default\">\n\t\t\t\t<div class=\"elementor-widget-container\">\n\t\t\t\t\t\t\t<div class=\"title-wrapper wd-set-mb reset-last-child wd-title-color-primary wd-title-style-default wd-title-size-large text-left\">\n\n\t\t\t\n\t\t\t<div class=\"liner-continer\">\n\t\t\t\t<h4 class=\"woodmart-title-container title wd-fontsize-xxl\">About US <\/h4> \n\t\t\t\t\t\t\t<\/div>\n\n\t\t\t\t\t<\/div>\n\t\t\t\t\t\t<\/div>\n\t\t\t\t<\/div>\n\t\t\t\t<div class=\"elementor-element elementor-element-66e47ad elementor-widget elementor-widget-wd_text_block\" data-id=\"66e47ad\" data-element_type=\"widget\" data-e-type=\"widget\" data-widget_type=\"wd_text_block.default\">\n\t\t\t\t<div class=\"elementor-widget-container\">\n\t\t\t\t\t\t\t<div class=\"wd-text-block reset-last-child text-left\">\n\t\t\t\n\t\t\t<p data-start=\"116\" data-end=\"581\"><a href=\"https:\/\/buycaluanieonline.com\/vi\/ve-chung-toi\/\">Gi\u1edbi thi\u1ec7u v\u1ec1 ch\u00fang t\u00f4i<\/a> - Our facility is dedicated to the production of <strong data-start=\"163\" data-end=\"225\">authentic <a href=\"https:\/\/buycaluanieonline.com\/vi\/danh-muc-san-pham\/caluanie\/\">Caluanie Muelear Oxidize<\/a> v\u00e0 <a href=\"https:\/\/buycaluanieonline.com\/vi\/danh-muc-san-pham\/ssd-hoa-chat\/\">SSD chemical\/powder<\/a><\/strong>, m\u1ed9t <strong data-start=\"229\" data-end=\"269\">H\u00f3a ch\u1ea5t c\u00f4ng nghi\u1ec7p hi\u1ec7u su\u1ea5t cao<\/strong> th\u01b0\u1eddng \u0111\u01b0\u1ee3c s\u1eed d\u1ee5ng trong <strong data-start=\"291\" data-end=\"385\">Ch\u1ebf bi\u1ebfn kim lo\u1ea1i, ph\u00e2n h\u1ee7y v\u1eadt li\u1ec7u, t\u1ea9y s\u01a1n v\u00e0 keo d\u00e1n, nghi\u00ean c\u1ee9u c\u00f4ng nghi\u1ec7p<\/strong>v\u00e0 c\u00e1c \u1ee9ng d\u1ee5ng chuy\u00ean d\u1ee5ng kh\u00e1c. M\u1ed7i l\u00f4 s\u1ea3n ph\u1ea9m \u0111\u01b0\u1ee3c s\u1ea3n xu\u1ea5t d\u01b0\u1edbi <strong data-start=\"457\" data-end=\"493\">C\u00e1c quy tr\u00ecnh ki\u1ec3m so\u00e1t ch\u1ea5t l\u01b0\u1ee3ng nghi\u00eam ng\u1eb7t<\/strong> v\u00e0 <strong data-start=\"498\" data-end=\"519\">\u0110\u00e3 \u0111\u01b0\u1ee3c ki\u1ec3m nghi\u1ec7m trong ph\u00f2ng th\u00ed nghi\u1ec7m<\/strong> \u0111\u1ec3 \u0111\u1ea3m b\u1ea3o <strong data-start=\"530\" data-end=\"580\">\u0110\u1ed9 nh\u1ea5t qu\u00e1n, \u0111\u1ed9 tinh khi\u1ebft v\u00e0 hi\u1ec7u qu\u1ea3 t\u1ed1i \u0111a<\/strong>.<\/p><p data-start=\"583\" data-end=\"934\">En tant que fiable <strong data-start=\"597\" data-end=\"651\">Nh\u00e0 s\u1ea3n xu\u1ea5t v\u00e0 nh\u00e0 cung c\u1ea5p Caluanie Muelear Oxidize<\/strong>Ch\u00fang t\u00f4i h\u1ed7 tr\u1ee3 m\u1ed9t lo\u1ea1t c\u00e1c ng\u00e0nh c\u00f4ng nghi\u1ec7p tr\u00ean to\u00e0n qu\u1ed1c. <strong data-start=\"703\" data-end=\"757\">Hoa K\u1ef3, M\u1ef9 Latinh, Ch\u00e2u \u00c2u, Ch\u00e2u \u00c1 v\u00e0 Trung \u00c1<\/strong>Ch\u00fang t\u00f4i ph\u1ee5c v\u1ee5 c\u1ea3 hai <strong data-start=\"773\" data-end=\"845\">c\u00e1c ph\u00f2ng th\u00ed nghi\u1ec7m nghi\u00ean c\u1ee9u quy m\u00f4 nh\u1ecf v\u00e0 c\u00e1c ho\u1ea1t \u0111\u1ed9ng s\u1ea3n xu\u1ea5t quy m\u00f4 l\u1edbn<\/strong>, cung c\u1ea5p <strong data-start=\"856\" data-end=\"887\">Gi\u1ea3i ph\u00e1p cung \u1ee9ng t\u00f9y ch\u1ec9nh<\/strong> <a href=\"https:\/\/caluanieoxidizeusa.com\/product\/caluanie-muelear-oxidize-10l\/\" target=\"_blank\" rel=\"noopener\">tailored<\/a> \u0111\u00e1p \u1ee9ng c\u00e1c y\u00eau c\u1ea7u v\u1eadn h\u00e0nh c\u1ee5 th\u1ec3.<\/p><p data-start=\"936\" data-end=\"1378\">Kh\u00e1ch h\u00e0ng l\u1ef1a ch\u1ecdn ch\u00fang t\u00f4i v\u00ec <strong data-start=\"958\" data-end=\"1044\">S\u1ef1 \u1ed5n \u0111\u1ecbnh trong vi\u1ec7c cung c\u1ea5p s\u1ea3n ph\u1ea9m, gi\u00e1 c\u1ea3 minh b\u1ea1ch v\u00e0 h\u1ed7 tr\u1ee3 k\u1ef9 thu\u1eadt \u0111\u00e1ng tin c\u1eady.<\/strong> Trong su\u1ed1t qu\u00e1 tr\u00ecnh mua h\u00e0ng. Cho d\u00f9 l\u00e0 th\u1ef1c hi\u1ec7n m\u1ed9t <strong data-start=\"1101\" data-end=\"1149\">\u0110\u01a1n h\u00e0ng \u0111\u01a1n l\u1ebb ho\u1eb7c h\u1ee3p \u0111\u1ed3ng cung c\u1ea5p d\u00e0i h\u1ea1n<\/strong>, ch\u00fang t\u00f4i <a href=\"https:\/\/caluaniemuelearoxidize-usa.com\/\" target=\"_blank\" rel=\"noopener\">duy tr\u00ec<\/a> c\u00f9ng cam k\u1ebft v\u1edbi <strong data-start=\"1186\" data-end=\"1222\">Ch\u1ea5t l\u01b0\u1ee3ng, \u0111\u1ed9 tin c\u1eady v\u00e0 an to\u00e0n<\/strong>S\u1ef1 t\u1eadp trung c\u1ee7a ch\u00fang t\u00f4i v\u00e0o s\u1ea3n xu\u1ea5t ch\u00ednh x\u00e1c v\u00e0 ki\u1ec3m tra nghi\u00eam ng\u1eb7t mang l\u1ea1i m\u1ed9t s\u1ea3n ph\u1ea9m \u0111\u01b0\u1ee3c tin t\u01b0\u1edfng b\u1edfi <a href=\"https:\/\/brunoxchemicals.com\/about-us-3\/\" target=\"_blank\" rel=\"noopener\">chuy\u00ean gia<\/a> tr\u00ean to\u00e0n th\u1ebf gi\u1edbi cho <strong data-start=\"1340\" data-end=\"1377\">C\u00e1c \u1ee9ng d\u1ee5ng c\u00f4ng nghi\u1ec7p \u0111\u00f2i h\u1ecfi kh\u1eaft khe<\/strong>.<\/p>\n\t\t\t\t\t<\/div>\n\t\t\t\t\t\t<\/div>\n\t\t\t\t<\/div>\n\t\t\t\t<\/div>\n\t\t\t\t\t<\/div>\n\t\t\t\t<\/div>\n\t\t<div class=\"wd-negative-gap elementor-element elementor-element-8481c26 e-flex e-con-boxed e-con e-parent\" data-id=\"8481c26\" data-element_type=\"container\" data-e-type=\"container\">\n\t\t\t\t\t<div class=\"e-con-inner\">\n\t\t\t\t<div class=\"elementor-element elementor-element-d66a211 wd-width-100 elementor-widget elementor-widget-wd_title\" data-id=\"d66a211\" data-element_type=\"widget\" data-e-type=\"widget\" data-widget_type=\"wd_title.default\">\n\t\t\t\t<div class=\"elementor-widget-container\">\n\t\t\t\t\t\t\t<div class=\"title-wrapper wd-set-mb reset-last-child wd-title-color-primary wd-title-style-default wd-title-size-large text-center\">\n\n\t\t\t\n\t\t\t<div class=\"liner-continer\">\n\t\t\t\t<h4 class=\"woodmart-title-container title wd-fontsize-xxl\">S\u1ef1 kh\u00e1c bi\u1ec7t c\u1ee7a ch\u00fang t\u00f4i<\/h4> \n\t\t\t\t\t\t\t<\/div>\n\n\t\t\t\t\t<\/div>\n\t\t\t\t\t\t<\/div>\n\t\t\t\t<\/div>\n\t\t\t\t\t<\/div>\n\t\t\t\t<\/div>\n\t\t<div class=\"wd-negative-gap elementor-element elementor-element-f168c0a e-flex e-con-boxed e-con e-parent\" data-id=\"f168c0a\" data-element_type=\"container\" data-e-type=\"container\">\n\t\t\t\t\t<div class=\"e-con-inner\">\n\t\t<div class=\"elementor-element elementor-element-5642404 e-con-full e-flex e-con e-child\" data-id=\"5642404\" data-element_type=\"container\" data-e-type=\"container\">\n\t\t\t\t<div class=\"elementor-element elementor-element-6150743 elementor-widget elementor-widget-wd_image_or_svg\" data-id=\"6150743\" data-element_type=\"widget\" data-e-type=\"widget\" data-widget_type=\"wd_image_or_svg.default\">\n\t\t\t\t<div class=\"elementor-widget-container\">\n\t\t\t\t\t\n\t\t<div class=\"wd-image text-left\">\n\t\t\t\t\t\t\t\t<img loading=\"lazy\" decoding=\"async\" width=\"1704\" height=\"1276\" src=\"https:\/\/buycaluanieonline.com\/wp-content\/uploads\/2025\/12\/caluanie-muelear-oxidize_foto_largest-1-Picsart-AiImageEnhancer.jpg\" class=\"attachment-full size-full\" alt=\"\" srcset=\"https:\/\/buycaluanieonline.com\/wp-content\/uploads\/2025\/12\/caluanie-muelear-oxidize_foto_largest-1-Picsart-AiImageEnhancer.jpg 1704w, https:\/\/buycaluanieonline.com\/wp-content\/uploads\/2025\/12\/caluanie-muelear-oxidize_foto_largest-1-Picsart-AiImageEnhancer-400x300.jpg 400w, https:\/\/buycaluanieonline.com\/wp-content\/uploads\/2025\/12\/caluanie-muelear-oxidize_foto_largest-1-Picsart-AiImageEnhancer-1068x800.jpg 1068w, https:\/\/buycaluanieonline.com\/wp-content\/uploads\/2025\/12\/caluanie-muelear-oxidize_foto_largest-1-Picsart-AiImageEnhancer-768x575.jpg 768w, https:\/\/buycaluanieonline.com\/wp-content\/uploads\/2025\/12\/caluanie-muelear-oxidize_foto_largest-1-Picsart-AiImageEnhancer-1536x1150.jpg 1536w, https:\/\/buycaluanieonline.com\/wp-content\/uploads\/2025\/12\/caluanie-muelear-oxidize_foto_largest-1-Picsart-AiImageEnhancer-430x322.jpg 430w, https:\/\/buycaluanieonline.com\/wp-content\/uploads\/2025\/12\/caluanie-muelear-oxidize_foto_largest-1-Picsart-AiImageEnhancer-700x524.jpg 700w, https:\/\/buycaluanieonline.com\/wp-content\/uploads\/2025\/12\/caluanie-muelear-oxidize_foto_largest-1-Picsart-AiImageEnhancer-150x112.jpg 150w\" sizes=\"auto, (max-width: 1704px) 100vw, 1704px\" \/>\t\t\t\t\t<\/div>\n\n\t\t\t\t\t\t<\/div>\n\t\t\t\t<\/div>\n\t\t\t\t<\/div>\n\t\t<div class=\"elementor-element elementor-element-b67633c e-con-full e-flex e-con e-child\" data-id=\"b67633c\" data-element_type=\"container\" data-e-type=\"container\">\n\t\t\t\t<div class=\"elementor-element elementor-element-5fcf642 wd-width-100 elementor-widget elementor-widget-wd_title\" data-id=\"5fcf642\" data-element_type=\"widget\" data-e-type=\"widget\" data-widget_type=\"wd_title.default\">\n\t\t\t\t<div class=\"elementor-widget-container\">\n\t\t\t\t\t\t\t<div class=\"title-wrapper wd-set-mb reset-last-child wd-title-color-default wd-title-style-default wd-title-size-default text-left\">\n\n\t\t\t\n\t\t\t<div class=\"liner-continer\">\n\t\t\t\t<h4 class=\"woodmart-title-container title wd-fontsize-l\">Caluanie Muelear Oxidize B\u1ea3o h\u00e0nh \u2013 Gi\u1ea3i ph\u00e1p h\u00f3a ch\u1ea5t \u0111\u00e1ng tin c\u1eady c\u1ee7a b\u1ea1n<\/h4> \n\t\t\t\t\t\t\t<\/div>\n\n\t\t\t\t\t<\/div>\n\t\t\t\t\t\t<\/div>\n\t\t\t\t<\/div>\n\t\t\t\t<div class=\"elementor-element elementor-element-ffcd5eb elementor-widget elementor-widget-wd_text_block\" data-id=\"ffcd5eb\" data-element_type=\"widget\" data-e-type=\"widget\" data-widget_type=\"wd_text_block.default\">\n\t\t\t\t<div class=\"elementor-widget-container\">\n\t\t\t\t\t\t\t<div class=\"wd-text-block reset-last-child text-left\">\n\t\t\t\n\t\t\t<p class=\"\" data-start=\"4128\" data-end=\"4430\">Khi b\u1ea1n\u00a0<strong data-start=\"4137\" data-end=\"4176\">Mua Caluanie Muelear Oxidize tr\u1ef1c tuy\u1ebfn<\/strong>H\u00e3y y\u00ean t\u00e2m r\u1eb1ng b\u1ea1n \u0111ang nh\u1eadn \u0111\u01b0\u1ee3c m\u1ed9t s\u1ea3n ph\u1ea9m ch\u1ea5t l\u01b0\u1ee3ng h\u00e0ng \u0111\u1ea7u \u0111\u01b0\u1ee3c h\u1ed7 tr\u1ee3 b\u1edfi ch\u00ednh s\u00e1ch b\u1ea3o h\u00e0nh to\u00e0n di\u1ec7n c\u1ee7a ch\u00fang t\u00f4i.\u00a0<strong data-start=\"4261\" data-end=\"4274\">b\u1ea3o \u0111\u1ea3m<\/strong>Ch\u00fang t\u00f4i lu\u00f4n \u0111\u1eb7t ch\u1ea5t l\u01b0\u1ee3ng, an to\u00e0n v\u00e0 s\u1ef1 h\u00e0i l\u00f2ng c\u1ee7a kh\u00e1ch h\u00e0ng l\u00ean h\u00e0ng \u0111\u1ea7u trong m\u1ecdi \u0111\u01a1n h\u00e0ng. H\u00e3y tin t\u01b0\u1edfng ch\u00fang t\u00f4i.\u00a0<strong data-start=\"4357\" data-end=\"4390\">C\u1eeda h\u00e0ng Oxy h\u00f3a Caluanie Muelear<\/strong>\u00a0Cho c\u00e1c nhu c\u1ea7u c\u00f4ng nghi\u1ec7p v\u00e0 nghi\u00ean c\u1ee9u c\u1ee7a b\u1ea1n<\/p>\n\t\t\t\t\t<\/div>\n\t\t\t\t\t\t<\/div>\n\t\t\t\t<\/div>\n\t\t\t\t<\/div>\n\t\t\t\t\t<\/div>\n\t\t\t\t<\/div>\n\t\t\t\t<\/div>","protected":false},"excerpt":{"rendered":"<p>About US About Us &#8211; Our facility is dedicated to the production of authentic Caluanie Muelear Oxidize and SSD chemical\/powder,<\/p>","protected":false},"author":1,"featured_media":0,"parent":0,"menu_order":0,"comment_status":"closed","ping_status":"closed","template":"","meta":{"footnotes":""},"class_list":["post-4400","page","type-page","status-publish","hentry"],"_links":{"self":[{"href":"https:\/\/buycaluanieonline.com\/vi\/wp-json\/wp\/v2\/pages\/4400","targetHints":{"allow":["GET"]}}],"collection":[{"href":"https:\/\/buycaluanieonline.com\/vi\/wp-json\/wp\/v2\/pages"}],"about":[{"href":"https:\/\/buycaluanieonline.com\/vi\/wp-json\/wp\/v2\/types\/page"}],"author":[{"embeddable":true,"href":"https:\/\/buycaluanieonline.com\/vi\/wp-json\/wp\/v2\/users\/1"}],"replies":[{"embeddable":true,"href":"https:\/\/buycaluanieonline.com\/vi\/wp-json\/wp\/v2\/comments?post=4400"}],"version-history":[{"count":35,"href":"https:\/\/buycaluanieonline.com\/vi\/wp-json\/wp\/v2\/pages\/4400\/revisions"}],"predecessor-version":[{"id":29618,"href":"https:\/\/buycaluanieonline.com\/vi\/wp-json\/wp\/v2\/pages\/4400\/revisions\/29618"}],"wp:attachment":[{"href":"https:\/\/buycaluanieonline.com\/vi\/wp-json\/wp\/v2\/media?parent=4400"}],"curies":[{"name":"wp","href":"https:\/\/api.w.org\/{rel}","templated":true}]}}