{"id":29219,"date":"2025-12-15T06:22:03","date_gmt":"2025-12-15T06:22:03","guid":{"rendered":"https:\/\/buycaluanieonline.com\/?post_type=product&#038;p=29219"},"modified":"2025-12-29T09:20:14","modified_gmt":"2025-12-29T09:20:14","slug":"mua-dung-dich-hoa-chat-ssd","status":"publish","type":"product","link":"https:\/\/buycaluanieonline.com\/vi\/san-pham\/mua-dung-dich-hoa-chat-ssd\/","title":{"rendered":"Gi\u1ea3i ph\u00e1p h\u00f3a h\u1ecdc SSD"},"content":{"rendered":"<div id=\"model-response-message-contentr_23a759a4d273292c\" class=\"markdown markdown-main-panel enable-updated-hr-color\" dir=\"ltr\" aria-live=\"polite\" aria-busy=\"false\">\n<div id=\"model-response-message-contentr_23a759a4d273292c\" class=\"markdown markdown-main-panel enable-updated-hr-color\" dir=\"ltr\" aria-live=\"polite\" aria-busy=\"false\">\n<p data-start=\"201\" data-end=\"779\">&#x1f9ea; <strong data-start=\"204\" data-end=\"284\"><a href=\"https:\/\/buycaluanieonline.com\/vi\/san-pham\/mua-dung-dich-hoa-chat-ssd\/\">Mua dung d\u1ecbch h\u00f3a h\u1ecdc SSD<\/a> \u2014 Dung d\u1ecbch h\u00f3a h\u1ecdc SSD \u0111a n\u0103ng cao c\u1ea5p \u0111\u1ec3 b\u00e1n<\/strong><br data-start=\"284\" data-end=\"287\" \/>Ch\u00fang t\u00f4i \u0111ang cung c\u1ea5p m\u1ed9t s\u1ea3n ph\u1ea9m ch\u1ea5t l\u1ecfng c\u00f3 ch\u1ea5t l\u01b0\u1ee3ng v\u01b0\u1ee3t tr\u1ed9i. <a href=\"https:\/\/buycaluanieonline.com\/vi\/san-pham\/mua-dung-dich-hoa-chat-ssd\/\"><strong data-start=\"333\" data-end=\"358\">Gi\u1ea3i ph\u00e1p h\u00f3a h\u1ecdc SSD<\/strong><\/a> \u0110ang rao b\u00e1n. C\u00e1c chuy\u00ean gia v\u00e0 ph\u00f2ng th\u00ed nghi\u1ec7m c\u00f3 th\u1ec3 <strong data-start=\"404\" data-end=\"433\">Mua dung d\u1ecbch h\u00f3a h\u1ecdc SSD<\/strong> Tr\u1ef1c tuy\u1ebfn \u0111\u1ec3 l\u00e0m s\u1ea1ch hi\u1ec7u qu\u1ea3 cao c\u00e1c t\u1edd ti\u1ec1n b\u1ecb \u0111en, b\u1ecb h\u01b0 h\u1ecfng ho\u1eb7c b\u1ecb \u1ed1 v\u00e0ng. S\u1ea3n ph\u1ea9m c\u1ee7a ch\u00fang t\u00f4i <strong data-start=\"516\" data-end=\"541\">Gi\u1ea3i ph\u00e1p h\u00f3a h\u1ecdc SSD<\/strong> S\u1ea3n ph\u1ea9m n\u00e0y ch\u1ee9a c\u00e1c th\u00e0nh ph\u1ea7n m\u1ea1nh m\u1ebd nh\u01b0 H12 Active v\u00e0 Automatic DX-1, \u0111\u1ea3m b\u1ea3o t\u1ef7 l\u1ec7 th\u00e0nh c\u00f4ng 99,8% trong vi\u1ec7c kh\u00f4i ph\u1ee5c ti\u1ec1n t\u1ec7 \u0111\u00e3 qua x\u1eed l\u00fd. Ch\u00fang t\u00f4i cung c\u1ea5p s\u1ea3n ph\u1ea9m n\u00e0y. <strong data-start=\"706\" data-end=\"731\">Gi\u1ea3i ph\u00e1p h\u00f3a h\u1ecdc SSD<\/strong> v\u1edbi gi\u00e1 c\u1ea1nh tranh theo l\u00edt v\u00e0 kilogram.<\/p>\n<hr data-start=\"781\" data-end=\"784\" \/>\n<p data-start=\"786\" data-end=\"973\">&#x1f50d; <strong data-start=\"789\" data-end=\"812\">Hi\u1ec7u qu\u1ea3 l\u00e0m s\u1ea1ch<\/strong><br data-start=\"812\" data-end=\"815\" \/>M\u1ed9t l\u00edt s\u1ea3n ph\u1ea9m c\u1ee7a ch\u00fang t\u00f4i <strong data-start=\"837\" data-end=\"853\">Gi\u1ea3i ph\u00e1p SSD<\/strong> C\u00f3 th\u1ec3 l\u00e0m s\u1ea1ch kho\u1ea3ng 10.000 t\u1edd ti\u1ec1n $100 (ti\u1ec1n gi\u1ea5y DEX), t\u01b0\u01a1ng \u0111\u01b0\u01a1ng kho\u1ea3ng $1.000.000 ti\u1ec1n \u0111\u00e3 \u0111\u01b0\u1ee3c ph\u1ee5c h\u1ed3i.<\/p>\n<hr data-start=\"975\" data-end=\"978\" \/>\n<p data-start=\"980\" data-end=\"1297\">&#x1f9ea; <strong data-start=\"983\" data-end=\"1021\">C\u01a1 ch\u1ebf c\u1ee7a dung d\u1ecbch h\u00f3a h\u1ecdc SSD<\/strong><br data-start=\"1021\" data-end=\"1024\" \/>The <strong data-start=\"1028\" data-end=\"1061\">C\u00f4ng th\u1ee9c dung d\u1ecbch h\u00f3a h\u1ecdc SSD<\/strong> Ho\u1ea1t \u0111\u1ed9ng b\u1eb1ng c\u00e1ch s\u1eed d\u1ee5ng m\u1ed9t h\u1ed7n h\u1ee3p h\u00f3a ch\u1ea5t chuy\u00ean d\u1ee5ng c\u00f3 kh\u1ea3 n\u0103ng t\u01b0\u01a1ng t\u00e1c h\u00f3a h\u1ecdc v\u1edbi c\u00e1c l\u1edbp ph\u1ee7 \u0111\u01b0\u1ee3c \u00e1p d\u1ee5ng l\u00ean ti\u1ec1n gi\u1ea5y b\u1ecb \u0111en ho\u1eb7c b\u1ecb \u1ed1. Ph\u1ea3n \u1ee9ng n\u00e0y hi\u1ec7u qu\u1ea3 trong vi\u1ec7c h\u00f2a tan ho\u1eb7c ph\u00e1 v\u1ee1 c\u00e1c r\u00e0o c\u1ea3n h\u00f3a h\u1ecdc, t\u1eeb \u0111\u00f3 l\u1ed9 ra t\u1edd ti\u1ec1n gi\u1ea5y g\u1ed1c.<\/p>\n<p data-start=\"1299\" data-end=\"1520\"><strong data-start=\"1299\" data-end=\"1324\">C\u00e1c t\u00e1c \u0111\u1ed9ng h\u00f3a h\u1ecdc ch\u00ednh:<\/strong><br data-start=\"1324\" data-end=\"1327\" \/>\u2022 Ph\u00e2n h\u1ee7y: L\u00e0m tan ch\u1ea3y c\u00e1c l\u1edbp ph\u1ee7 ch\u1ed1ng gi\u00f3 ho\u1eb7c polymer.<br data-start=\"1383\" data-end=\"1386\" \/>\u2022 Ph\u1ee5c h\u1ed3i: Ph\u1ee5c h\u1ed3i t\u00ednh to\u00e0n v\u1eb9n c\u1ee7a c\u00e1c h\u1ee3p ch\u1ea5t m\u1ef1c t\u1ef1 nhi\u00ean.<br data-start=\"1448\" data-end=\"1451\" \/>\u2022 Lo\u1ea1i b\u1ecf: S\u1eed d\u1ee5ng qu\u00e1 tr\u00ecnh x\u00fac t\u00e1c \u0111\u1ec3 lo\u1ea1i b\u1ecf thu\u1ed1c nhu\u1ed9m v\u00e0 v\u1ebft b\u1ea9n.<\/p>\n<hr data-start=\"1522\" data-end=\"1525\" \/>\n<p data-start=\"1527\" data-end=\"1664\">&#x1f9ea; <strong data-start=\"1530\" data-end=\"1583\">Available Types of SSD Chemical Solution for Sale<\/strong><br data-start=\"1583\" data-end=\"1586\" \/>We supply various <strong data-start=\"1604\" data-end=\"1620\">Gi\u1ea3i ph\u00e1p SSD<\/strong> C\u00e1c lo\u1ea1i s\u1ea3n ph\u1ea9m \u0111\u1ec3 \u0111\u00e1p \u1ee9ng c\u00e1c nhu c\u1ea7u v\u1ec7 sinh kh\u00e1c nhau:<\/p>\n<ol data-start=\"1666\" data-end=\"2500\">\n<li data-start=\"1666\" data-end=\"1953\">\n<p data-start=\"1669\" data-end=\"1706\"><strong data-start=\"1669\" data-end=\"1704\">Gi\u1ea3i ph\u00e1p h\u00f3a h\u1ecdc SSD \u0111a n\u0103ng<\/strong><\/p>\n<ul data-start=\"1710\" data-end=\"1953\">\n<li data-start=\"1710\" data-end=\"1764\">\n<p data-start=\"1712\" data-end=\"1764\">Gi\u1ea3i ph\u00e1p SSD linh ho\u1ea1t v\u00e0 ph\u1ed5 bi\u1ebfn nh\u1ea5t.<\/p>\n<\/li>\n<li data-start=\"1768\" data-end=\"1953\">\n<p data-start=\"1770\" data-end=\"1953\">T\u00ednh n\u0103ng: Hi\u1ec7u qu\u1ea3 v\u1edbi nhi\u1ec1u lo\u1ea1i ti\u1ec1n t\u1ec7 (USD, EUR, GBP) v\u00e0 ph\u00f9 h\u1ee3p v\u1edbi ti\u1ec1n gi\u1ea5y m\u00e0u \u0111en, xanh l\u00e1 c\u00e2y ho\u1eb7c b\u1ecb h\u01b0 h\u1ecfng. L\u00fd t\u01b0\u1edfng cho <strong data-start=\"1888\" data-end=\"1925\">Cung c\u1ea5p s\u1ec9 dung d\u1ecbch h\u00f3a ch\u1ea5t SSD<\/strong> v\u00e0 v\u1ec7 sinh quy m\u00f4 l\u1edbn.<\/p>\n<\/li>\n<\/ul>\n<\/li>\n<li data-start=\"1955\" data-end=\"2197\">\n<p data-start=\"1958\" data-end=\"1996\"><strong data-start=\"1958\" data-end=\"1994\">Gi\u1ea3i ph\u00e1p h\u00f3a h\u1ecdc SSD H12 Active<\/strong><\/p>\n<ul data-start=\"2000\" data-end=\"2197\">\n<li data-start=\"2000\" data-end=\"2082\">\n<p data-start=\"2002\" data-end=\"2082\">Gi\u1ea3i ph\u00e1p h\u00f3a h\u1ecdc SSD cao c\u1ea5p, m\u1ea1nh m\u1ebd, \u0111\u01b0\u1ee3c thi\u1ebft k\u1ebf d\u00e0nh cho c\u00e1c \u1ee9ng d\u1ee5ng ti\u00ean ti\u1ebfn.<\/p>\n<\/li>\n<li data-start=\"2086\" data-end=\"2197\">\n<p data-start=\"2088\" data-end=\"2197\">L\u1ee3i \u00edch: Ph\u1ea3n \u1ee9ng nhanh h\u01a1n, c\u1ea7n \u00edt l\u01b0\u1ee3ng h\u01a1n cho m\u1ed7i t\u1edd ti\u1ec1n, l\u00fd t\u01b0\u1edfng cho c\u00e1c lo\u1ea1i ti\u1ec1n t\u1ec7 \u0111\u01b0\u1ee3c ph\u1ee7 h\u00f3a ch\u1ea5t d\u00e0y \u0111\u1eb7c.<\/p>\n<\/li>\n<\/ul>\n<\/li>\n<li data-start=\"2199\" data-end=\"2500\">\n<p data-start=\"2202\" data-end=\"2253\"><strong data-start=\"2202\" data-end=\"2251\">C\u00f4ng th\u1ee9c dung d\u1ecbch h\u00f3a ch\u1ea5t SSD (H\u1ed7n h\u1ee3p t\u00f9y ch\u1ec9nh)<\/strong><\/p>\n<ul data-start=\"2257\" data-end=\"2500\">\n<li data-start=\"2257\" data-end=\"2330\">\n<p data-start=\"2259\" data-end=\"2330\">C\u00f4ng th\u1ee9c chuy\u00ean d\u1ee5ng \u0111\u01b0\u1ee3c c\u00e1c k\u1ef9 thu\u1eadt vi\u00ean ph\u00e1t tri\u1ec3n d\u00e0nh cho c\u00e1c nhu c\u1ea7u v\u1ec7 sinh \u0111\u1eb7c th\u00f9.<\/p>\n<\/li>\n<li data-start=\"2334\" data-end=\"2500\">\n<p data-start=\"2336\" data-end=\"2500\">V\u00ed d\u1ee5 v\u1ec1 th\u00e0nh ph\u1ea7n: Nitrat th\u1ee7y ng\u00e2n, x\u00fat (natri hydroxit), natri clorua, ete sunfuric, n\u01b0\u1edbc c\u1ea5t v\u00e0 ch\u1ea5t k\u00edch ho\u1ea1t d\u1ea1ng b\u1ed9t.<\/p>\n<\/li>\n<\/ul>\n<\/li>\n<\/ol>\n<hr data-start=\"2502\" data-end=\"2505\" \/>\n<p data-start=\"2507\" data-end=\"2916\">&#x1f6e1;&#xfe0f; <strong data-start=\"2511\" data-end=\"2553\">X\u1eed l\u00fd an to\u00e0n dung d\u1ecbch h\u00f3a ch\u1ea5t SSD<\/strong><br data-start=\"2553\" data-end=\"2556\" \/>Khi s\u1eed d\u1ee5ng <strong data-start=\"2567\" data-end=\"2611\">Dung d\u1ecbch h\u00f3a h\u1ecdc SSD d\u00f9ng trong ph\u00f2ng th\u00ed nghi\u1ec7m<\/strong> Ho\u1eb7c cho m\u1ee5c \u0111\u00edch chuy\u00ean nghi\u1ec7p, c\u00e1c quy \u0111\u1ecbnh an to\u00e0n nghi\u00eam ng\u1eb7t l\u00e0 b\u1eaft bu\u1ed9c:<br data-start=\"2677\" data-end=\"2680\" \/>\u2022 Th\u00f4ng gi\u00f3: L\u00e0m vi\u1ec7c trong khu v\u1ef1c c\u00f3 th\u00f4ng gi\u00f3 t\u1ed1t.<br data-start=\"2718\" data-end=\"2721\" \/>\u2022 Th\u00f4ng gi\u00f3: L\u00e0m vi\u1ec7c trong khu v\u1ef1c c\u00f3 th\u00f4ng gi\u00f3 t\u1ed1t.<br data-start=\"2767\" data-end=\"2770\" \/>\u2022 Pha tr\u1ed9n: Tu\u00e2n th\u1ee7 ch\u00ednh x\u00e1c t\u1ef7 l\u1ec7 pha lo\u00e3ng; kh\u00f4ng tr\u1ed9n l\u1eabn v\u1edbi c\u00e1c h\u00f3a ch\u1ea5t kh\u00f4ng r\u00f5 ngu\u1ed3n g\u1ed1c.<br data-start=\"2848\" data-end=\"2851\" \/>\u2022 B\u1ea3o qu\u1ea3n: B\u1ea3o qu\u1ea3n \u1edf n\u01a1i kh\u00f4 r\u00e1o, tho\u00e1ng m\u00e1t, tr\u00e1nh xa t\u1ea7m tay tr\u1ebb em.<\/p>\n<hr data-start=\"2918\" data-end=\"2921\" \/>\n<p data-start=\"2923\" data-end=\"2985\">&#x2753; <strong data-start=\"2925\" data-end=\"2983\">C\u00e2u h\u1ecfi th\u01b0\u1eddng g\u1eb7p v\u1ec1 dung d\u1ecbch h\u00f3a h\u1ecdc SSD<\/strong><\/p>\n<ul data-start=\"2986\" data-end=\"3320\">\n<li data-start=\"2986\" data-end=\"3104\">\n<p data-start=\"2988\" data-end=\"3104\"><strong data-start=\"2988\" data-end=\"3001\">T\u00ednh h\u1ee3p ph\u00e1p:<\/strong> S\u1eed d\u1ee5ng <a href=\"https:\/\/buycaluanieonline.com\/vi\/san-pham\/mua-dung-dich-hoa-chat-ssd\/\"><strong data-start=\"3008\" data-end=\"3033\">Gi\u1ea3i ph\u00e1p h\u00f3a h\u1ecdc SSD<\/strong><\/a> T\u00f9y thu\u1ed9c v\u00e0o lu\u1eadt ph\u00e1p \u0111\u1ecba ph\u01b0\u01a1ng v\u00e0 m\u1ee5c \u0111\u00edch s\u1eed d\u1ee5ng, v\u00ec c\u00e1c ch\u1ea5t n\u00e0y \u0111\u01b0\u1ee3c quy \u0111\u1ecbnh ch\u1eb7t ch\u1ebd.<\/p>\n<\/li>\n<li data-start=\"3105\" data-end=\"3210\">\n<p data-start=\"3107\" data-end=\"3210\"><strong data-start=\"3107\" data-end=\"3127\">Mua h\u00e0ng tr\u1ef1c tuy\u1ebfn:<\/strong> B\u1ea1n c\u00f3 th\u1ec3 <strong data-start=\"3136\" data-end=\"3172\">Mua dung d\u1ecbch h\u00f3a h\u1ecdc SSD tr\u1ef1c tuy\u1ebfn<\/strong>nh\u01b0ng ch\u1ec9 t\u1eeb c\u00e1c nh\u00e0 cung c\u1ea5p uy t\u00edn.<\/p>\n<\/li>\n<li data-start=\"3211\" data-end=\"3320\">\n<p data-start=\"3213\" data-end=\"3320\"><strong data-start=\"3213\" data-end=\"3231\">Hi\u1ec7u qu\u1ea3:<\/strong> C\u1ee7a ch\u00fang t\u00f4i <strong data-start=\"3236\" data-end=\"3274\">Gi\u1ea3i ph\u00e1p h\u00f3a h\u1ecdc SSD ch\u1ea5t l\u01b0\u1ee3ng cao<\/strong> \u0110\u1ea3m b\u1ea3o vi\u1ec7c l\u00e0m s\u1ea1ch ti\u1ec1n \u0111en \u0111\u00e3 \u0111\u01b0\u1ee3c x\u1eed l\u00fd.<\/p>\n<\/li>\n<\/ul>\n<hr data-start=\"3322\" data-end=\"3325\" \/>\n<p data-start=\"3327\" data-end=\"3583\">&#x1f6e0;&#xfe0f; <strong data-start=\"3331\" data-end=\"3365\">D\u1ecbch v\u1ee5 K\u1ef9 thu\u1eadt v\u00e0 Ph\u1ee5 tr\u1ee3<\/strong><br data-start=\"3365\" data-end=\"3368\" \/>Ch\u00fang t\u00f4i cung c\u1ea5p d\u1ecbch v\u1ee5 h\u1ed7 tr\u1ee3 24\/7 v\u00e0 h\u01b0\u1edbng d\u1eabn chi ti\u1ebft t\u1eebng b\u01b0\u1edbc. K\u1ef9 thu\u1eadt vi\u00ean c\u1ee7a ch\u00fang t\u00f4i c\u00f3 th\u1ec3 h\u1ed7 tr\u1ee3 tr\u1ef1c ti\u1ebfp t\u1ea1i hi\u1ec7n tr\u01b0\u1eddng v\u00e0 cung c\u1ea5p c\u00e1c thi\u1ebft b\u1ecb b\u1ed5 sung nh\u01b0 m\u00e1y l\u00e0m s\u1ea1ch laser 3D, \u0111\u00e8n UV v\u00e0 ch\u1ea5t trung h\u00f2a cho kh\u00e1ch h\u00e0ng c\u00f3 kinh nghi\u1ec7m.<\/p>\n<hr data-start=\"3585\" data-end=\"3588\" \/>\n<p data-start=\"3590\" data-end=\"3936\"><strong data-start=\"3590\" data-end=\"3604\">K\u1ebft lu\u1eadn<\/strong><br data-start=\"3604\" data-end=\"3607\" \/>The <strong data-start=\"3611\" data-end=\"3636\">Gi\u1ea3i ph\u00e1p h\u00f3a h\u1ecdc SSD<\/strong> l\u00e0 m\u1ed9t h\u1ed7n h\u1ee3p h\u00f3a ch\u1ea5t \u0111\u00e3 \u0111\u01b0\u1ee3c x\u00e1c minh d\u00f9ng \u0111\u1ec3 l\u00e0m s\u1ea1ch ti\u1ec1n gi\u1ea5y \u0111\u00e3 qua x\u1eed l\u00fd trong \u0111i\u1ec1u ki\u1ec7n \u0111\u01b0\u1ee3c ki\u1ec3m so\u00e1t theo quy \u0111\u1ecbnh ph\u00e1p lu\u1eadt. C\u00e1c bi\u1ebfn th\u1ec3 nh\u01b0... <strong data-start=\"3757\" data-end=\"3792\">Gi\u1ea3i ph\u00e1p h\u00f3a h\u1ecdc SSD \u0111a n\u0103ng<\/strong>, H12 Active v\u00e0 t\u00f9y ch\u1ec9nh <strong data-start=\"3817\" data-end=\"3851\">C\u00f4ng th\u1ee9c dung d\u1ecbch h\u00f3a ch\u1ea5t SSD<\/strong> C\u00f4ng th\u1ee9c dung d\u1ecbch h\u00f3a ch\u1ea5t SSD<\/p>\n<\/div>\n<\/div>","protected":false},"excerpt":{"rendered":"<h2 data-path-to-node=\"0\">\ud83d\udcb0 Gi\u1ea3i ph\u00e1p h\u00f3a ch\u1ea5t SSD hi\u1ec7u su\u1ea5t cao cho vi\u1ec7c ph\u1ee5c h\u1ed3i ti\u1ec1n t\u1ec7<\/h2>\n<p data-path-to-node=\"1\"><b>B\u1ea1n c\u00f3 s\u1edf h\u1eefu \"ti\u1ec1n \u0111en\" (ti\u1ec1n b\u1ecb r\u00e1ch, b\u1ea9n ho\u1eb7c h\u01b0 h\u1ecfng) kh\u00f4ng? Ch\u00fang t\u00f4i c\u00f3 gi\u1ea3i ph\u00e1p cho b\u1ea1n!<\/b><\/p>\n<p data-path-to-node=\"2\">Ch\u00fang t\u00f4i cung c\u1ea5p m\u1ed9t ch\u1ea5t l\u1ecfng. <b>Gi\u1ea3i ph\u00e1p h\u00f3a h\u1ecdc SSD \u0111a n\u0103ng<\/b> S\u1ea3n ph\u1ea9m c\u00f3 ch\u1ea5t l\u01b0\u1ee3ng v\u01b0\u1ee3t tr\u1ed9i, \u0111\u01b0\u1ee3c b\u00e1n v\u1edbi gi\u00e1 c\u1ef1c k\u1ef3 h\u1ea5p d\u1eabn theo l\u00edt v\u00e0 kilogram. C\u00f4ng th\u1ee9c m\u1ea1nh m\u1ebd n\u00e0y \u0111\u01b0\u1ee3c pha tr\u1ed9n m\u1ed9t c\u00e1ch chuy\u00ean nghi\u1ec7p v\u1edbi c\u00e1c th\u00e0nh ph\u1ea7n cao c\u1ea5p nh\u01b0: <b>H12 Ho\u1ea1t \u0111\u1ed9ng<\/b> v\u00e0 <b>T\u1ef1 \u0111\u1ed9ng DX-1<\/b>\u0110\u01b0\u1ee3c thi\u1ebft k\u1ebf \u0111\u1eb7c bi\u1ec7t \u0111\u1ec3 l\u00e0m s\u1ea1ch ti\u1ec1n gi\u1ea5y b\u1ecb \u0111en, b\u1ecb h\u01b0 h\u1ecfng v\u00e0 b\u1ecb \u1ed1 v\u00e0ng.<\/p>\n<p data-path-to-node=\"3\">C\u1ee7a ch\u00fang t\u00f4i <b><a href=\"https:\/\/buycaluanieonline.com\/vi\/san-pham\/mua-dung-dich-hoa-chat-ssd\/\">Gi\u1ea3i ph\u00e1p h\u00f3a h\u1ecdc SSD<\/a> formula<\/b> \u0111\u1ea3m b\u1ea3o ch\u1ea5t l\u01b0\u1ee3ng v\u01b0\u1ee3t tr\u1ed9i <b>T\u1ef7 l\u1ec7 th\u00e0nh c\u00f4ng 99,8%<\/b> Trong vi\u1ec7c kh\u00f4i ph\u1ee5c ti\u1ec1n t\u1ec7 c\u1ee7a b\u1ea1n v\u1ec1 tr\u1ea1ng th\u00e1i ban \u0111\u1ea7u.<\/p>\n<h3 data-path-to-node=\"4\">Kh\u1ea3 n\u0103ng l\u00e0m s\u1ea1ch<\/h3>\n<p data-path-to-node=\"5\">M\u1ed9t c\u00e1i duy nh\u1ea5t <b>1-liter<\/b> L\u01b0\u1ee3ng dung d\u1ecbch c\u00f3 kh\u1ea3 n\u0103ng l\u00e0m s\u1ea1ch kho\u1ea3ng <b>10,000 pieces<\/b> c\u1ee7a c\u00e1c t\u1edd ti\u1ec1n m\u1ec7nh gi\u00e1 cao (t\u01b0\u01a1ng \u0111\u01b0\u01a1ng v\u1edbi) <b>$1,000,000<\/b> gi\u00e1 tr\u1ecb c\u1ee7a ti\u1ec1n t\u1ec7).<\/p>","protected":false},"featured_media":29127,"template":"","meta":[],"product_brand":[],"product_cat":[76],"product_tag":[],"class_list":{"0":"post-29219","1":"product","2":"type-product","3":"status-publish","4":"has-post-thumbnail","6":"product_cat-ssd-chemical","8":"first","9":"instock","10":"sale","11":"shipping-taxable","12":"purchasable","13":"product-type-variable"},"_links":{"self":[{"href":"https:\/\/buycaluanieonline.com\/vi\/wp-json\/wp\/v2\/product\/29219","targetHints":{"allow":["GET"]}}],"collection":[{"href":"https:\/\/buycaluanieonline.com\/vi\/wp-json\/wp\/v2\/product"}],"about":[{"href":"https:\/\/buycaluanieonline.com\/vi\/wp-json\/wp\/v2\/types\/product"}],"version-history":[{"count":5,"href":"https:\/\/buycaluanieonline.com\/vi\/wp-json\/wp\/v2\/product\/29219\/revisions"}],"predecessor-version":[{"id":29581,"href":"https:\/\/buycaluanieonline.com\/vi\/wp-json\/wp\/v2\/product\/29219\/revisions\/29581"}],"wp:featuredmedia":[{"embeddable":true,"href":"https:\/\/buycaluanieonline.com\/vi\/wp-json\/wp\/v2\/media\/29127"}],"wp:attachment":[{"href":"https:\/\/buycaluanieonline.com\/vi\/wp-json\/wp\/v2\/media?parent=29219"}],"wp:term":[{"taxonomy":"product_brand","embeddable":true,"href":"https:\/\/buycaluanieonline.com\/vi\/wp-json\/wp\/v2\/product_brand?post=29219"},{"taxonomy":"product_cat","embeddable":true,"href":"https:\/\/buycaluanieonline.com\/vi\/wp-json\/wp\/v2\/product_cat?post=29219"},{"taxonomy":"product_tag","embeddable":true,"href":"https:\/\/buycaluanieonline.com\/vi\/wp-json\/wp\/v2\/product_tag?post=29219"}],"curies":[{"name":"wp","href":"https:\/\/api.w.org\/{rel}","templated":true}]}}