{"id":29226,"date":"2025-12-15T06:29:18","date_gmt":"2025-12-15T06:29:18","guid":{"rendered":"https:\/\/buycaluanieonline.com\/?post_type=product&#038;p=29226"},"modified":"2026-01-04T19:08:16","modified_gmt":"2026-01-04T19:08:16","slug":"mua-caluanie-muelear-oxidation-1-5l","status":"publish","type":"product","link":"https:\/\/buycaluanieonline.com\/vi\/san-pham\/mua-caluanie-muelear-oxidation-1-5l\/","title":{"rendered":"Caluanie Muelear Oxidize 1.5 L\u00edt"},"content":{"rendered":"<h2>\ud83e\uddea Mua Caluanie Muelear Oxidize 1.5L tr\u1ef1c tuy\u1ebfn \u2014 Dung m\u00f4i h\u00f3a ch\u1ea5t c\u00f4ng nghi\u1ec7p<\/h2>\n<p>N\u1ebfu qu\u00fd kh\u00e1ch mu\u1ed1n mua caluanie 1.5L tr\u1ef1c tuy\u1ebfn, n\u1ec1n t\u1ea3ng c\u1ee7a ch\u00fang t\u00f4i cung c\u1ea5p m\u1ed9t l\u1ef1a ch\u1ecdn an to\u00e0n v\u00e0 \u0111\u00e3 \u0111\u01b0\u1ee3c x\u00e1c minh d\u00e0nh cho c\u00e1c chuy\u00ean gia mu\u1ed1n mua caluanie muelear oxidize 1.5L. Kh\u00e1ch h\u00e0ng c\u00f3 th\u1ec3 \u0111\u1eb7t h\u00e0ng caluanie 1.5L tr\u1ef1c tuy\u1ebfn th\u00f4ng qua c\u00e1c k\u00eanh ph\u00e2n ph\u1ed1i \u0111\u01b0\u1ee3c ph\u00ea duy\u1ec7t cho c\u00e1c \u1ee9ng d\u1ee5ng c\u00f4ng nghi\u1ec7p v\u00e0 ph\u00f2ng th\u00ed nghi\u1ec7m \u0111\u01b0\u1ee3c \u1ee7y quy\u1ec1n.<\/p>\n<p>Ch\u00fang t\u00f4i chuy\u00ean mua s\u1eafm caluanie muelear oxidize v\u1edbi s\u1ed1 l\u01b0\u1ee3ng 1,5 l\u00edt, cung c\u1ea5p duy nh\u1ea5t caluanie muelear oxidize 1,5L trong c\u00e1c th\u00f9ng ch\u1ee9a \u0111\u01b0\u1ee3c ni\u00eam phong v\u00e0 ch\u1ee9ng nh\u1eadn. N\u1ebfu b\u1ea1n \u0111ang t\u00ecm ki\u1ebfm n\u01a1i mua caluanie 1,5L tr\u1ef1c tuy\u1ebfn, d\u1ecbch v\u1ee5 c\u1ee7a ch\u00fang t\u00f4i h\u1ed7 tr\u1ee3 ng\u01b0\u1eddi mua t\u00ecm ki\u1ebfm s\u1ef1 tu\u00e2n th\u1ee7, kh\u1ea3 n\u0103ng truy xu\u1ea5t ngu\u1ed3n g\u1ed1c v\u00e0 giao h\u00e0ng \u0111\u00e1ng tin c\u1eady.<\/p>\n<p>C\u00e1c chuy\u00ean gia t\u00ecm ki\u1ebfm gi\u00e1 t\u1ed1t nh\u1ea5t cho caluanie 1.5 l\u00edt tr\u1ef1c tuy\u1ebfn h\u1ee3p t\u00e1c v\u1edbi ch\u00fang t\u00f4i v\u00ec ch\u00fang t\u00f4i ho\u1ea1t \u0111\u1ed9ng nh\u01b0 m\u1ed9t nh\u00e0 cung c\u1ea5p caluanie 1.5L \u0111\u00e1ng tin c\u1eady v\u00e0 nh\u00e0 ph\u00e2n ph\u1ed1i caluanie muelear oxidize 1.5L \u0111\u00e3 \u0111\u01b0\u1ee3c x\u00e1c minh, cung c\u1ea5p t\u00e0i li\u1ec7u minh b\u1ea1ch v\u00e0 quy tr\u00ecnh giao h\u00e0ng tu\u00e2n th\u1ee7 quy \u0111\u1ecbnh.<\/p>\n<hr \/>\n<h2>\ud83d\udd0d T\u1ed5ng quan v\u1ec1 s\u1ea3n ph\u1ea9m<\/h2>\n<p>T\u00ean s\u1ea3n ph\u1ea9m: Caluanie Muelear Oxidize<br \/>\nDung t\u00edch: 1,5 l\u00edt<br \/>\nD\u1ea1ng: H\u1ee3p ch\u1ea5t oxy h\u00f3a d\u1ea1ng l\u1ecfng<br \/>\nPh\u00e2n lo\u1ea1i: H\u00f3a ch\u1ea5t c\u00f4ng nghi\u1ec7p<br \/>\n\u0110\u00f3ng g\u00f3i: Tu\u00e2n th\u1ee7 quy \u0111\u1ecbnh v\u1ec1 ch\u1ea5t nguy hi\u1ec3m (HAZMAT), th\u00f9ng ch\u1ee9a \u0111\u01b0\u1ee3c ni\u00eam phong.<br \/>\nT\u00ecnh tr\u1ea1ng s\u1eb5n c\u00f3: S\u1ea3n ph\u1ea9m h\u00f3a ch\u1ea5t Caluanie 1.5L ch\u1ec9 \u0111\u01b0\u1ee3c b\u00e1n tr\u1ef1c tuy\u1ebfn cho c\u00e1c kh\u00e1ch h\u00e0ng \u0111\u00e3 \u0111\u01b0\u1ee3c ph\u00ea duy\u1ec7t.<\/p>\n<p>Ch\u1ea5t oxy h\u00f3a caluanie 1.5 l\u00edt n\u00e0y \u0111\u00f4i khi \u0111\u01b0\u1ee3c nh\u1eafc \u0111\u1ebfn trong c\u00e1c v\u00f2ng tr\u00f2n k\u1ef9 thu\u1eadt nh\u01b0 m\u1ed9t t\u00f9y ch\u1ecdn mua tr\u1ef1c tuy\u1ebfn ch\u1ea5t oxy h\u00f3a n\u01b0\u1edbc n\u1eb7ng 1.5L, ch\u1ec9 ph\u00f9 h\u1ee3p cho c\u00e1c m\u00f4i tr\u01b0\u1eddng chuy\u00ean nghi\u1ec7p \u0111\u01b0\u1ee3c quy \u0111\u1ecbnh nghi\u00eam ng\u1eb7t. Ng\u01b0\u1eddi mua t\u00ecm ki\u1ebfm ch\u1ea5t caluanie 1.5L c\u1ea5p c\u00f4ng nghi\u1ec7p tr\u1ef1c tuy\u1ebfn c\u00f3 th\u1ec3 y\u00eau c\u1ea7u x\u00e1c minh v\u00e0 \u0111\u00e1nh gi\u00e1 tu\u00e2n th\u1ee7 tr\u01b0\u1edbc khi giao h\u00e0ng.<\/p>\n<hr \/>\n<h2>\ud83e\uddea \u1ee8ng d\u1ee5ng trong c\u00f4ng nghi\u1ec7p v\u00e0 ph\u00f2ng th\u00ed nghi\u1ec7m<\/h2>\n<p>C\u00e1c t\u1ed5 ch\u1ee9c mua caluanie muelear oxidize 1.5L th\u01b0\u1eddng ho\u1ea1t \u0111\u1ed9ng trong c\u00e1c m\u00f4i tr\u01b0\u1eddng \u0111\u01b0\u1ee3c c\u1ea5p ph\u00e9p v\u00e0 hi\u1ec3u r\u00f5 c\u00e1c \u1ee9ng d\u1ee5ng s\u1eed d\u1ee5ng caluanie 1.5L trong c\u00e1c quy tr\u00ecnh c\u00f4ng nghi\u1ec7p \u0111\u01b0\u1ee3c ki\u1ec3m so\u00e1t. C\u00e1c \u1ee9ng d\u1ee5ng ph\u1ed5 bi\u1ebfn bao g\u1ed3m:<\/p>\n<ul>\n<li>Ch\u1ebf bi\u1ebfn kim lo\u1ea1i v\u00e0 x\u1eed l\u00fd b\u1ec1 m\u1eb7t<\/li>\n<li>Khoa h\u1ecdc v\u1eadt li\u1ec7u v\u00e0 th\u1eed nghi\u1ec7m \u0111\u1ed9 b\u1ec1n<\/li>\n<li>Nghi\u00ean c\u1ee9u oxy h\u00f3a trong ph\u00f2ng th\u00ed nghi\u1ec7m<\/li>\n<li>Ph\u00e2n t\u00edch \u0103n m\u00f2n v\u00e0 \u1ee9ng su\u1ea5t m\u00f4 ph\u1ecfng<\/li>\n<\/ul>\n<p>C\u00e1c tr\u01b0\u1eddng h\u1ee3p s\u1eed d\u1ee5ng n\u00e0y ph\u00f9 h\u1ee3p v\u1edbi nhu c\u1ea7u c\u1ee7a ng\u01b0\u1eddi mua \u0111ang t\u00ecm ki\u1ebfm h\u00f3a ch\u1ea5t caluanie oxidize 1.5L tr\u1ef1c tuy\u1ebfn cho c\u00e1c m\u00f4i tr\u01b0\u1eddng nghi\u00ean c\u1ee9u v\u00e0 s\u1ea3n xu\u1ea5t c\u00f4ng nghi\u1ec7p h\u1ee3p ph\u00e1p.<\/p>\n<hr \/>\n<h2>\ud83d\ude9a T\u00ednh kh\u1ea3 d\u1ee5ng trong khu v\u1ef1c v\u00e0 tr\u00ean to\u00e0n th\u1ebf gi\u1edbi<\/h2>\n<p>Ch\u00fang t\u00f4i h\u1ed7 tr\u1ee3 c\u00e1c chuy\u00ean gia mu\u1ed1n mua caluanie 1.5L tr\u1ef1c tuy\u1ebfn t\u1ea1i Hoa K\u1ef3, c\u0169ng nh\u01b0 c\u00e1c t\u1ed5 ch\u1ee9c \u0111ang t\u00ecm ki\u1ebfm nh\u00e0 cung c\u1ea5p caluanie 1.5L t\u1ea1i Ch\u00e2u \u00c2u ho\u1eb7c nh\u1eefng ai mu\u1ed1n mua caluanie muelear oxidize 1.5L t\u1ea1i Ch\u00e2u \u00c1. \u0110\u1ed1i v\u1edbi c\u00e1c t\u00e0i kho\u1ea3n \u0111\u01b0\u1ee3c ph\u00ea duy\u1ec7t, d\u1ecbch v\u1ee5 v\u1eadn chuy\u1ec3n caluanie 1.5L tr\u00ean to\u00e0n th\u1ebf gi\u1edbi c\u00f3 s\u1eb5n th\u00f4ng qua c\u00e1c \u0111\u1ed1i t\u00e1c logistics tu\u00e2n th\u1ee7 quy \u0111\u1ecbnh.<\/p>\n<p>C\u00e1c y\u00eau c\u1ea7u d\u1ef1a tr\u00ean v\u1ecb tr\u00ed nh\u01b0 \"caluanie 1.5L g\u1ea7n \u0111\u00e2y\" \u0111\u01b0\u1ee3c th\u1ef1c hi\u1ec7n th\u00f4ng qua c\u00e1c kho h\u00e0ng c\u00f3 b\u1ea3o l\u00e3nh v\u00e0 c\u00e1c \u0111\u01a1n v\u1ecb v\u1eadn chuy\u1ec3n \u0111\u01b0\u1ee3c ch\u1ee9ng nh\u1eadn, tu\u00e2n th\u1ee7 c\u00e1c quy \u0111\u1ecbnh khu v\u1ef1c.<\/p>\n<hr \/>\n<h2>\ud83d\udce6 C\u00e1c t\u00f9y ch\u1ecdn cung c\u1ea5p s\u1ed1 l\u01b0\u1ee3ng l\u1edbn v\u00e0 k\u00e9o d\u00e0i<\/h2>\n<p>Ngo\u00e0i c\u00e1c \u0111\u01a1n h\u00e0ng ti\u00eau chu\u1ea9n, ch\u00fang t\u00f4i c\u0169ng h\u1ed7 tr\u1ee3 \u0111\u01a1n h\u00e0ng s\u1ec9 tr\u1ef1c tuy\u1ebfn cho s\u1ea3n ph\u1ea9m caluanie 1.5L d\u00e0nh cho c\u00e1c kh\u00e1ch h\u00e0ng c\u00f4ng nghi\u1ec7p th\u01b0\u1eddng xuy\u00ean. C\u00e1c \u0111\u01a1n h\u00e0ng v\u1edbi s\u1ed1 l\u01b0\u1ee3ng l\u1edbn h\u01a1n c\u00f3 th\u1ec3 \u0111\u01b0\u1ee3c cung c\u1ea5p sau khi \u0111\u01b0\u1ee3c ph\u00ea duy\u1ec7t, gi\u00fap c\u00e1c t\u1ed5 ch\u1ee9c qu\u1ea3n l\u00fd chu\u1ed7i cung \u1ee9ng h\u00f3a ch\u1ea5t li\u00ean t\u1ee5c tr\u1edf n\u00ean d\u1ec5 d\u00e0ng h\u01a1n.<\/p>\n<hr \/>\n<h2>\u2753 C\u00e2u h\u1ecfi th\u01b0\u1eddng g\u1eb7p<\/h2>\n<p>Caluanie Muelear Oxidize 1.5L l\u00e0 g\u00ec?<br \/>\n\u0110\u00e2y l\u00e0 m\u1ed9t h\u1ee3p ch\u1ea5t oxy h\u00f3a c\u00f4ng nghi\u1ec7p \u0111\u01b0\u1ee3c ki\u1ec3m so\u00e1t, \u0111\u01b0\u1ee3c cung c\u1ea5p cho c\u00e1c ph\u00f2ng th\u00ed nghi\u1ec7m v\u00e0 m\u1ee5c \u0111\u00edch c\u00f4ng nghi\u1ec7p c\u00f3 gi\u1ea5y ph\u00e9p.<\/p>\n<p>Vi\u1ec7c mua caluanie 1.5L tr\u1ef1c tuy\u1ebfn c\u00f3 h\u1ee3p ph\u00e1p kh\u00f4ng?<br \/>\n\u0110\u00fang, vi\u1ec7c mua b\u00e1n l\u00e0 h\u1ee3p ph\u00e1p n\u1ebfu tu\u00e2n th\u1ee7 c\u00e1c quy \u0111\u1ecbnh v\u00e0 th\u00f4ng tin c\u1ee7a ng\u01b0\u1eddi mua \u0111\u01b0\u1ee3c x\u00e1c minh.<\/p>\n<p>L\u00e0m th\u1ebf n\u00e0o \u0111\u1ec3 \u0111\u1eb7t h\u00e0ng caluanie 1.5L an to\u00e0n tr\u1ef1c tuy\u1ebfn?<br \/>\nN\u1ed9p y\u00eau c\u1ea7u, ho\u00e0n t\u1ea5t x\u00e1c minh ng\u01b0\u1eddi mua, xem x\u00e9t c\u00e1c t\u00e0i li\u1ec7u tu\u00e2n th\u1ee7 v\u00e0 ho\u00e0n t\u1ea5t thanh to\u00e1n qua c\u00e1c k\u00eanh \u0111\u01b0\u1ee3c ph\u00ea duy\u1ec7t.<\/p>\n<p>Gi\u00e1 c\u1ee7a caluanie oxidize 1.5L l\u00e0 bao nhi\u00eau ti\u1ec1n m\u1ed7i l\u00edt?<br \/>\nGi\u00e1 c\u1ea3 c\u00f3 th\u1ec3 thay \u0111\u1ed5i t\u00f9y thu\u1ed9c v\u00e0o khu v\u1ef1c, y\u00eau c\u1ea7u tu\u00e2n th\u1ee7 v\u00e0 kh\u1ed1i l\u01b0\u1ee3ng \u0111\u01a1n h\u00e0ng. B\u00e1o gi\u00e1 s\u1ebd \u0111\u01b0\u1ee3c cung c\u1ea5p sau khi x\u00e1c minh.<\/p>\n<hr \/>\n<h2>\ud83d\uded2 C\u00e1ch \u0111\u1eb7t h\u00e0ng<\/h2>\n<p>\u0110\u1ec3 mua caluanie tr\u1ef1c tuy\u1ebfn 1.5L, vui l\u00f2ng \u0111i\u1ec1n v\u00e0o bi\u1ec3u m\u1eabu y\u00eau c\u1ea7u \u0111\u1eb7t h\u00e0ng, n\u1ed9p c\u00e1c t\u00e0i li\u1ec7u c\u1ea7n thi\u1ebft v\u00e0 ch\u1ecdn ph\u01b0\u01a1ng th\u1ee9c v\u1eadn chuy\u1ec3n \u01b0a th\u00edch c\u1ee7a b\u1ea1n. Sau khi \u0111\u01b0\u1ee3c ph\u00ea duy\u1ec7t, \u0111\u01a1n h\u00e0ng caluanie muelear oxidize 1.5L c\u1ee7a b\u1ea1n s\u1ebd \u0111\u01b0\u1ee3c \u0111\u00f3ng g\u00f3i k\u00e8m theo \u0111\u1ea7y \u0111\u1ee7 t\u00e0i li\u1ec7u ph\u00e1p l\u00fd v\u00e0 v\u1eadn chuy\u1ec3n qua c\u00e1c \u0111\u01a1n v\u1ecb v\u1eadn chuy\u1ec3n tu\u00e2n th\u1ee7 quy \u0111\u1ecbnh.<\/p>","protected":false},"excerpt":{"rendered":"<p>Mua Caluanie Muelear ch\u00ednh h\u00e3ng<br \/>\nDung t\u00edch: 1,5 l\u00edt<br \/>\nDung t\u00edch: 1,5 l\u00edt<br \/>\nM\u00e0u s\u1eafc: Trong su\u1ed1t<\/p>","protected":false},"featured_media":29093,"template":"","meta":[],"product_brand":[],"product_cat":[25],"product_tag":[],"class_list":{"0":"post-29226","1":"product","2":"type-product","3":"status-publish","4":"has-post-thumbnail","6":"product_cat-caluanie","8":"first","9":"instock","10":"sale","11":"shipping-taxable","12":"purchasable","13":"product-type-simple"},"_links":{"self":[{"href":"https:\/\/buycaluanieonline.com\/vi\/wp-json\/wp\/v2\/product\/29226","targetHints":{"allow":["GET"]}}],"collection":[{"href":"https:\/\/buycaluanieonline.com\/vi\/wp-json\/wp\/v2\/product"}],"about":[{"href":"https:\/\/buycaluanieonline.com\/vi\/wp-json\/wp\/v2\/types\/product"}],"version-history":[{"count":8,"href":"https:\/\/buycaluanieonline.com\/vi\/wp-json\/wp\/v2\/product\/29226\/revisions"}],"predecessor-version":[{"id":29632,"href":"https:\/\/buycaluanieonline.com\/vi\/wp-json\/wp\/v2\/product\/29226\/revisions\/29632"}],"wp:featuredmedia":[{"embeddable":true,"href":"https:\/\/buycaluanieonline.com\/vi\/wp-json\/wp\/v2\/media\/29093"}],"wp:attachment":[{"href":"https:\/\/buycaluanieonline.com\/vi\/wp-json\/wp\/v2\/media?parent=29226"}],"wp:term":[{"taxonomy":"product_brand","embeddable":true,"href":"https:\/\/buycaluanieonline.com\/vi\/wp-json\/wp\/v2\/product_brand?post=29226"},{"taxonomy":"product_cat","embeddable":true,"href":"https:\/\/buycaluanieonline.com\/vi\/wp-json\/wp\/v2\/product_cat?post=29226"},{"taxonomy":"product_tag","embeddable":true,"href":"https:\/\/buycaluanieonline.com\/vi\/wp-json\/wp\/v2\/product_tag?post=29226"}],"curies":[{"name":"wp","href":"https:\/\/api.w.org\/{rel}","templated":true}]}}