{"id":29232,"date":"2025-12-15T06:41:50","date_gmt":"2025-12-15T06:41:50","guid":{"rendered":"https:\/\/buycaluanieonline.com\/?post_type=product&#038;p=29232"},"modified":"2026-01-04T12:27:46","modified_gmt":"2026-01-04T12:27:46","slug":"mua-bot-kich-hoat-ssd","status":"publish","type":"product","link":"https:\/\/buycaluanieonline.com\/vi\/san-pham\/mua-bot-kich-hoat-ssd\/","title":{"rendered":"B\u1ed9t k\u00edch ho\u1ea1t SSD"},"content":{"rendered":"<div id=\"model-response-message-contentr_816ad206c4cbf19c\" class=\"markdown markdown-main-panel enable-updated-hr-color\" dir=\"ltr\" aria-live=\"polite\" aria-busy=\"false\">\n<div id=\"model-response-message-contentr_c5378e7cc44235cc\" class=\"markdown markdown-main-panel enable-updated-hr-color\" dir=\"ltr\" aria-live=\"polite\" aria-busy=\"false\">\n<h2 data-start=\"701\" data-end=\"729\">Mua b\u1ed9t k\u00edch ho\u1ea1t SSD<\/h2>\n<p data-start=\"731\" data-end=\"1206\">Mua b\u1ed9t k\u00edch ho\u1ea1t SSD d\u00e0nh cho ph\u00f2ng th\u00ed nghi\u1ec7m chuy\u00ean nghi\u1ec7p v\u00e0 s\u1eed d\u1ee5ng c\u00f4ng nghi\u1ec7p \u0111\u01b0\u1ee3c \u1ee7y quy\u1ec1n. B\u1ed9t k\u00edch ho\u1ea1t SSD m\u00e0 ch\u00fang t\u00f4i cung c\u1ea5p l\u00e0 m\u1ed9t h\u00f3a ch\u1ea5t b\u1ed9t k\u00edch ho\u1ea1t SSD ch\u1ea5t l\u01b0\u1ee3ng cao, \u0111\u01b0\u1ee3c thi\u1ebft k\u1ebf cho c\u00e1c m\u00f4i tr\u01b0\u1eddng ki\u1ec3m so\u00e1t n\u01a1i y\u00eau c\u1ea7u k\u00edch ho\u1ea1t h\u00f3a ch\u1ea5t ch\u00ednh x\u00e1c v\u00e0 n\u00e2ng cao c\u00f4ng th\u1ee9c. S\u1ea3n ph\u1ea9m c\u00f3 s\u1eb5n trong nhi\u1ec1u k\u00edch c\u1ee1, h\u1ed7 tr\u1ee3 nghi\u00ean c\u1ee9u, th\u1eed nghi\u1ec7m v\u00e0 c\u00e1c \u1ee9ng d\u1ee5ng c\u00f4ng nghi\u1ec7p \u0111\u01b0\u1ee3c quy \u0111\u1ecbnh, v\u1edbi bao b\u00ec \u0111\u00f3ng k\u00edn \u0111\u1ec3 \u0111\u1ea3m b\u1ea3o \u0111\u1ed9 tinh khi\u1ebft v\u00e0 an to\u00e0n.<\/p>\n<p data-start=\"1208\" data-end=\"1389\">V\u1edbi t\u01b0 c\u00e1ch l\u00e0 nh\u00e0 cung c\u1ea5p b\u1ed9t k\u00edch ho\u1ea1t SSD \u0111\u00e1ng tin c\u1eady, ch\u00fang t\u00f4i cam k\u1ebft mang \u0111\u1ebfn ch\u1ea5t l\u01b0\u1ee3ng \u1ed5n \u0111\u1ecbnh, gi\u00e1 c\u1ea3 c\u1ea1nh tranh v\u00e0 ngu\u1ed3n cung \u1ee9ng s\u1ed1 l\u01b0\u1ee3ng l\u1edbn \u0111\u00e1ng tin c\u1eady cho c\u00e1c ph\u00f2ng th\u00ed nghi\u1ec7m v\u00e0 kh\u00e1ch h\u00e0ng c\u00f4ng nghi\u1ec7p tr\u00ean to\u00e0n th\u1ebf gi\u1edbi.<\/p>\n<hr data-start=\"1391\" data-end=\"1394\" \/>\n<h2 data-start=\"1396\" data-end=\"1429\">B\u1ed9t k\u00edch ho\u1ea1t SSD l\u00e0 g\u00ec?<\/h2>\n<p data-start=\"1431\" data-end=\"1776\">B\u1ed9t k\u00edch ho\u1ea1t SSD c\u1ea5p ph\u00f2ng th\u00ed nghi\u1ec7m l\u00e0 m\u1ed9t h\u1ee3p ch\u1ea5t h\u00f3a h\u1ecdc chuy\u00ean d\u1ee5ng \u0111\u01b0\u1ee3c s\u1eed d\u1ee5ng trong c\u00e1c m\u00f4i tr\u01b0\u1eddng chuy\u00ean nghi\u1ec7p \u0111\u1ec3 h\u1ed7 tr\u1ee3 qu\u00e1 tr\u00ecnh k\u00edch ho\u1ea1t trong c\u00e1c h\u1ec7 th\u1ed1ng h\u00f3a h\u1ecdc t\u01b0\u01a1ng th\u00edch. S\u1ea3n ph\u1ea9m \u0111\u01b0\u1ee3c thi\u1ebft k\u1ebf \u0111\u1ec3 n\u00e2ng cao hi\u1ec7u su\u1ea5t ph\u1ea3n \u1ee9ng trong \u0111i\u1ec1u ki\u1ec7n ki\u1ec3m so\u00e1t v\u00e0 ch\u1ec9 \u0111\u01b0\u1ee3c s\u1eed d\u1ee5ng cho m\u1ee5c \u0111\u00edch chuy\u00ean nghi\u1ec7p b\u1edfi nh\u00e2n vi\u00ean \u0111\u01b0\u1ee3c \u0111\u00e0o t\u1ea1o chuy\u00ean m\u00f4n.<\/p>\n<p data-start=\"1778\" data-end=\"1993\">B\u1ed9t k\u00edch ho\u1ea1t SSD (SSD Activation Powder) l\u00e0 m\u1ed9t lo\u1ea1i b\u1ed9t h\u00f3a h\u1ecdc \u0111\u01b0\u1ee3c s\u1ea3n xu\u1ea5t theo c\u00e1c ti\u00eau chu\u1ea9n ch\u1ea5t l\u01b0\u1ee3ng nghi\u00eam ng\u1eb7t v\u00e0 \u0111\u01b0\u1ee3c cung c\u1ea5p b\u1edfi m\u1ed9t nh\u00e0 cung c\u1ea5p c\u00f4ng nghi\u1ec7p c\u00f3 kinh nghi\u1ec7m trong l\u0129nh v\u1ef1c b\u1ed9t k\u00edch ho\u1ea1t SSD, nh\u1eb1m \u0111\u00e1p \u1ee9ng nhu c\u1ea7u c\u1ee7a c\u00e1c m\u00f4i tr\u01b0\u1eddng \u0111\u01b0\u1ee3c quy \u0111\u1ecbnh.<\/p>\n<hr data-start=\"1995\" data-end=\"1998\" \/>\n<h2 data-start=\"2000\" data-end=\"2026\">T\u00ednh n\u0103ng ch\u00ednh &amp; L\u1ee3i \u00edch<\/h2>\n<ul data-start=\"2028\" data-end=\"2443\">\n<li data-start=\"2028\" data-end=\"2081\">\n<p data-start=\"2030\" data-end=\"2081\">B\u1ed9t k\u00edch ho\u1ea1t SSD ch\u1ea5t l\u01b0\u1ee3ng ph\u00f2ng th\u00ed nghi\u1ec7m<\/p>\n<\/li>\n<li data-start=\"2082\" data-end=\"2137\">\n<p data-start=\"2084\" data-end=\"2137\">Ph\u00f9 h\u1ee3p cho b\u1ed9t k\u00edch ho\u1ea1t SSD s\u1eed d\u1ee5ng trong c\u00f4ng nghi\u1ec7p<\/p>\n<\/li>\n<li data-start=\"2138\" data-end=\"2188\">\n<p data-start=\"2140\" data-end=\"2188\">C\u00f4ng th\u1ee9c c\u00f3 \u0111\u1ed9 tinh khi\u1ebft cao \u0111\u1ec3 \u0111\u1ea3m b\u1ea3o k\u1ebft qu\u1ea3 nh\u1ea5t qu\u00e1n.<\/p>\n<\/li>\n<li data-start=\"2189\" data-end=\"2245\">\n<p data-start=\"2191\" data-end=\"2245\">\u0110\u01b0\u1ee3c cung c\u1ea5p trong bao b\u00ec \u0111\u00f3ng g\u00f3i k\u00edn c\u1ee7a b\u1ed9t k\u00edch ho\u1ea1t SSD.<\/p>\n<\/li>\n<li data-start=\"2246\" data-end=\"2338\">\n<p data-start=\"2248\" data-end=\"2338\">Cung c\u1ea5p SSD Activation Powder theo d\u1ea1ng \u0111\u00f3ng g\u00f3i s\u1ed1 l\u01b0\u1ee3ng l\u1edbn v\u00e0 SSD Activation Powder theo h\u00ecnh th\u1ee9c b\u00e1n bu\u00f4n.<\/p>\n<\/li>\n<li data-start=\"2339\" data-end=\"2395\">\n<p data-start=\"2341\" data-end=\"2395\">B\u1ed9t k\u00edch ho\u1ea1t SSD l\u00fd t\u01b0\u1edfng cho m\u1ee5c \u0111\u00edch s\u1eed d\u1ee5ng trong ph\u00f2ng th\u00ed nghi\u1ec7m<\/p>\n<\/li>\n<li data-start=\"2396\" data-end=\"2443\">\n<p data-start=\"2398\" data-end=\"2443\">Khuy\u1ebfn ngh\u1ecb x\u1eed l\u00fd v\u00e0 b\u1ea3o qu\u1ea3n chuy\u00ean nghi\u1ec7p.<\/p>\n<\/li>\n<\/ul>\n<hr data-start=\"2445\" data-end=\"2448\" \/>\n<h2 data-start=\"2450\" data-end=\"2465\">\u1ee8ng d\u1ee5ng<\/h2>\n<ul data-start=\"2467\" data-end=\"2627\">\n<li data-start=\"2467\" data-end=\"2502\">\n<p data-start=\"2469\" data-end=\"2502\">Nghi\u00ean c\u1ee9u v\u00e0 th\u1eed nghi\u1ec7m trong ph\u00f2ng th\u00ed nghi\u1ec7m<\/p>\n<\/li>\n<li data-start=\"2503\" data-end=\"2548\">\n<p data-start=\"2505\" data-end=\"2548\">X\u1eed l\u00fd h\u00f3a ch\u1ea5t c\u00f4ng nghi\u1ec7p \u0111\u01b0\u1ee3c \u1ee7y quy\u1ec1n<\/p>\n<\/li>\n<li data-start=\"2549\" data-end=\"2587\">\n<p data-start=\"2551\" data-end=\"2587\">C\u1ea3i ti\u1ebfn c\u00f4ng th\u1ee9c c\u00f3 ki\u1ec3m so\u00e1t<\/p>\n<\/li>\n<li data-start=\"2588\" data-end=\"2627\">\n<p data-start=\"2590\" data-end=\"2627\">M\u00f4i tr\u01b0\u1eddng l\u00e0m vi\u1ec7c chuy\u00ean nghi\u1ec7p \u0111\u01b0\u1ee3c quy \u0111\u1ecbnh<\/p>\n<\/li>\n<\/ul>\n<p data-start=\"2629\" data-end=\"2706\">S\u1ea3n ph\u1ea9m n\u00e0y kh\u00f4ng d\u00e0nh cho ng\u01b0\u1eddi ti\u00eau d\u00f9ng, s\u1eed d\u1ee5ng trong gia \u0111\u00ecnh ho\u1eb7c s\u1eed d\u1ee5ng tr\u00e1i ph\u00e9p.<\/p>\n<hr data-start=\"2708\" data-end=\"2711\" \/>\n<h2 data-start=\"2713\" data-end=\"2742\">C\u00e1c t\u00f9y ch\u1ecdn \u0111\u00f3ng g\u00f3i v\u00e0 cung \u1ee9ng<\/h2>\n<ul data-start=\"2744\" data-end=\"2974\">\n<li data-start=\"2744\" data-end=\"2781\">\n<p data-start=\"2746\" data-end=\"2781\">C\u00e1c th\u00f9ng ch\u1ee9a an to\u00e0n, ch\u1ed1ng gi\u1ea3 m\u1ea1o<\/p>\n<\/li>\n<li data-start=\"2782\" data-end=\"2819\">\n<p data-start=\"2784\" data-end=\"2819\">C\u00f3 s\u1eb5n nhi\u1ec1u t\u00f9y ch\u1ecdn tr\u1ecdng l\u01b0\u1ee3ng<\/p>\n<\/li>\n<li data-start=\"2820\" data-end=\"2890\">\n<p data-start=\"2822\" data-end=\"2890\">C\u00e1c t\u00f9y ch\u1ecdn \u0111\u1eb7t h\u00e0ng s\u1ed1 l\u01b0\u1ee3ng l\u1edbn b\u1ed9t k\u00edch ho\u1ea1t SSD d\u00e0nh cho kh\u00e1ch h\u00e0ng th\u01b0\u01a1ng m\u1ea1i<\/p>\n<\/li>\n<li data-start=\"2891\" data-end=\"2974\">\n<p data-start=\"2893\" data-end=\"2974\">Bao b\u00ec b\u1ed9t k\u00edch ho\u1ea1t SSD \u0111\u00e1ng tin c\u1eady, ph\u00f9 h\u1ee3p cho vi\u1ec7c l\u01b0u tr\u1eef v\u00e0 v\u1eadn chuy\u1ec3n.<\/p>\n<\/li>\n<\/ul>\n<p data-start=\"2976\" data-end=\"3098\">H\u00ecnh \u1ea3nh s\u1ea3n ph\u1ea9m b\u1ed9t k\u00edch ho\u1ea1t SSD \u0111\u1ed9 ph\u00e2n gi\u1ea3i cao c\u00f3 th\u1ec3 \u0111\u01b0\u1ee3c cung c\u1ea5p theo y\u00eau c\u1ea7u cho c\u00e1c catalog v\u00e0 danh s\u00e1ch s\u1ea3n ph\u1ea9m tr\u1ef1c tuy\u1ebfn.<\/p>\n<hr data-start=\"3100\" data-end=\"3103\" \/>\n<h2 data-start=\"3105\" data-end=\"3128\">Th\u00f4ng tin \u0111\u1eb7t h\u00e0ng<\/h2>\n<p data-start=\"3130\" data-end=\"3220\">B\u1ea1n c\u00f3 th\u1ec3 mua b\u1ed9t k\u00edch ho\u1ea1t SSD tr\u1ef1c tuy\u1ebfn tr\u1ef1c ti\u1ebfp t\u1eeb k\u00eanh cung c\u1ea5p c\u1ee7a ch\u00fang t\u00f4i. Ch\u00fang t\u00f4i h\u1ed7 tr\u1ee3:<\/p>\n<ul data-start=\"3221\" data-end=\"3339\">\n<li data-start=\"3221\" data-end=\"3243\">\n<p data-start=\"3223\" data-end=\"3243\">\u0110\u01a1n h\u00e0ng \u0111\u01a1n l\u1ebb<\/p>\n<\/li>\n<li data-start=\"3244\" data-end=\"3293\">\n<p data-start=\"3246\" data-end=\"3293\">B\u1ed9t k\u00edch ho\u1ea1t SSD - Mua s\u1ec9<\/p>\n<\/li>\n<li data-start=\"3294\" data-end=\"3339\">\n<p data-start=\"3296\" data-end=\"3339\">Ph\u00e2n ph\u1ed1i qu\u1ed1c t\u1ebf v\u00e0 th\u01b0\u01a1ng m\u1ea1i<\/p>\n<\/li>\n<\/ul>\n<p data-start=\"3341\" data-end=\"3477\">B\u1ed9t k\u00edch ho\u1ea1t SSD - Mua s\u1ec9<\/p>\n<\/div>\n<\/div>","protected":false},"excerpt":{"rendered":"<p>Ch\u00fang t\u00f4i hi\u1ec7n c\u00f3 s\u1eb5n b\u1ed9t k\u00edch ho\u1ea1t SSD \u0111a n\u0103ng c\u00f4ng su\u1ea5t cao \u0111\u1ec3 b\u00e1n, d\u00f9ng \u0111\u1ec3 k\u00edch ho\u1ea1t l\u1ea1i v\u00e0 t\u0103ng c\u01b0\u1eddng s\u1ee9c m\u1ea1nh l\u00e0m s\u1ea1ch c\u1ee7a dung d\u1ecbch h\u00f3a h\u1ecdc SSD d\u00f9ng \u0111\u1ec3 l\u00e0m s\u1ea1ch ti\u1ec1n gi\u1ea5y b\u1ecb h\u01b0 h\u1ecfng, \u0111en ho\u1eb7c b\u1ea9n. B\u1ed9t k\u00edch ho\u1ea1t SSD \u0111a n\u0103ng c\u1ee7a ch\u00fang t\u00f4i t\u01b0\u01a1ng th\u00edch v\u1edbi h\u1ea7u h\u1ebft c\u00e1c dung d\u1ecbch h\u00f3a h\u1ecdc SSD v\u00e0 t\u01b0\u01a1ng th\u00edch v\u1edbi USD, EUR, GBP, v.v., v\u00e0 ch\u00fang t\u00f4i c\u00f3 gi\u00e1 t\u1ed1t nh\u1ea5t theo kg v\u00e0 gram.<\/p>","protected":false},"featured_media":29174,"template":"","meta":[],"product_brand":[],"product_cat":[76],"product_tag":[],"class_list":{"0":"post-29232","1":"product","2":"type-product","3":"status-publish","4":"has-post-thumbnail","6":"product_cat-ssd-chemical","8":"first","9":"instock","10":"sale","11":"shipping-taxable","12":"purchasable","13":"product-type-variable"},"_links":{"self":[{"href":"https:\/\/buycaluanieonline.com\/vi\/wp-json\/wp\/v2\/product\/29232","targetHints":{"allow":["GET"]}}],"collection":[{"href":"https:\/\/buycaluanieonline.com\/vi\/wp-json\/wp\/v2\/product"}],"about":[{"href":"https:\/\/buycaluanieonline.com\/vi\/wp-json\/wp\/v2\/types\/product"}],"version-history":[{"count":4,"href":"https:\/\/buycaluanieonline.com\/vi\/wp-json\/wp\/v2\/product\/29232\/revisions"}],"predecessor-version":[{"id":29626,"href":"https:\/\/buycaluanieonline.com\/vi\/wp-json\/wp\/v2\/product\/29232\/revisions\/29626"}],"wp:featuredmedia":[{"embeddable":true,"href":"https:\/\/buycaluanieonline.com\/vi\/wp-json\/wp\/v2\/media\/29174"}],"wp:attachment":[{"href":"https:\/\/buycaluanieonline.com\/vi\/wp-json\/wp\/v2\/media?parent=29232"}],"wp:term":[{"taxonomy":"product_brand","embeddable":true,"href":"https:\/\/buycaluanieonline.com\/vi\/wp-json\/wp\/v2\/product_brand?post=29232"},{"taxonomy":"product_cat","embeddable":true,"href":"https:\/\/buycaluanieonline.com\/vi\/wp-json\/wp\/v2\/product_cat?post=29232"},{"taxonomy":"product_tag","embeddable":true,"href":"https:\/\/buycaluanieonline.com\/vi\/wp-json\/wp\/v2\/product_tag?post=29232"}],"curies":[{"name":"wp","href":"https:\/\/api.w.org\/{rel}","templated":true}]}}