{"id":29238,"date":"2025-12-15T06:44:32","date_gmt":"2025-12-15T06:44:32","guid":{"rendered":"https:\/\/buycaluanieonline.com\/?post_type=product&#038;p=29238"},"modified":"2026-01-04T12:26:15","modified_gmt":"2026-01-04T12:26:15","slug":"caluanie-muelear-oxidize-50l","status":"publish","type":"product","link":"https:\/\/buycaluanieonline.com\/vi\/san-pham\/caluanie-muelear-oxidize-50l\/","title":{"rendered":"Caluanie Muelear Oxidize 50 l\u00edt"},"content":{"rendered":"<h2 data-start=\"150\" data-end=\"223\">\ud83e\uddea Mua Caluanie Muelear Oxidize 50L v\u1edbi s\u1ed1 l\u01b0\u1ee3ng l\u1edbn \u2014 Giao h\u00e0ng to\u00e0n c\u1ea7u v\u00e0 \u0111\u1ebfn Hoa K\u1ef3<\/h2>\n<p data-start=\"225\" data-end=\"526\">C\u1ea7n mua Caluanie Muelear Oxidize 50L cho c\u00e1c ho\u1ea1t \u0111\u1ed9ng c\u00f4ng nghi\u1ec7p ho\u1eb7c ph\u00f2ng th\u00ed nghi\u1ec7m? Ch\u00fang t\u00f4i cung c\u1ea5p Caluanie Muelear Oxidize ch\u1ea5t l\u01b0\u1ee3ng c\u00f4ng nghi\u1ec7p, \u0111\u00e3 \u0111\u01b0\u1ee3c ki\u1ec3m nghi\u1ec7m trong ph\u00f2ng th\u00ed nghi\u1ec7m, cho c\u00e1c doanh nghi\u1ec7p \u0111\u00e3 \u0111\u01b0\u1ee3c x\u00e1c minh t\u1ea1i Hoa K\u1ef3 v\u00e0 th\u1ecb tr\u01b0\u1eddng qu\u1ed1c t\u1ebf, v\u1edbi bao b\u00ec an to\u00e0n, giao h\u00e0ng nhanh ch\u00f3ng v\u00e0 \u0111\u1ea7y \u0111\u1ee7 t\u00e0i li\u1ec7u ph\u00e1p l\u00fd.<\/p>\n<p data-start=\"528\" data-end=\"814\">Caluanie Muelear Oxidize l\u00e0 dung m\u00f4i oxy h\u00f3a c\u00f3 \u0111\u1ed9 m\u1ea1nh cao, \u0111\u01b0\u1ee3c s\u1eed d\u1ee5ng r\u1ed9ng r\u00e3i trong x\u1eed l\u00fd kim lo\u1ea1i, t\u1ea9y s\u01a1n c\u00f4ng nghi\u1ec7p, ph\u00e2n h\u1ee7y h\u00f3a h\u1ecdc v\u00e0 th\u1eed nghi\u1ec7m hi\u1ec7u su\u1ea5t v\u1eadt li\u1ec7u. \u0110\u1ed9 ph\u1ea3n \u1ee9ng m\u1ea1nh c\u1ee7a n\u00f3 khi\u1ebfn n\u00f3 ch\u1ec9 ph\u00f9 h\u1ee3p cho c\u00e1c \u1ee9ng d\u1ee5ng chuy\u00ean nghi\u1ec7p \u0111\u00f2i h\u1ecfi kh\u1eaft khe.<\/p>\n<hr data-start=\"816\" data-end=\"819\" \/>\n<h3 data-start=\"821\" data-end=\"861\">&#x1f50d; What Is Caluanie Muelear Oxidize?<\/h3>\n<p data-start=\"862\" data-end=\"1177\">Caluanie Muelear Oxidize is a heavy-duty industrial chemical solvent formulated to weaken metal structures, strip resistant coatings, and support controlled chemical reactions in laboratory and manufacturing environments. Due to its potency, it is strictly intended for licensed industrial and research use.<\/p>\n<p data-start=\"1179\" data-end=\"1303\">&#x26a0;&#xfe0f; <em data-start=\"1182\" data-end=\"1303\">Not approved for consumer or personal use. Handling must be performed by trained professionals in regulated facilities.<\/em><\/p>\n<hr data-start=\"1305\" data-end=\"1308\" \/>\n<h3 data-start=\"1310\" data-end=\"1366\">&#x1f4e6; Bulk Packaging Options \u2014 Including 50L Containers<\/h3>\n<p data-start=\"1367\" data-end=\"1465\">We supply Caluanie Muelear Oxidize 50L drums and other bulk formats to meet industrial demand:<\/p>\n<ul data-start=\"1467\" data-end=\"1662\">\n<li data-start=\"1467\" data-end=\"1512\">\n<p data-start=\"1469\" data-end=\"1512\">50L Caluanie Muelear Oxidize containers<\/p>\n<\/li>\n<li data-start=\"1513\" data-end=\"1561\">\n<p data-start=\"1515\" data-end=\"1561\">Additional sizes: 5L, 10L, 20L, 100L, and 200L<\/p>\n<\/li>\n<li data-start=\"1562\" data-end=\"1599\">\n<p data-start=\"1564\" data-end=\"1599\">Secure, sealed HAZMAT-labeled drums<\/p>\n<\/li>\n<li data-start=\"1600\" data-end=\"1662\">\n<p data-start=\"1602\" data-end=\"1662\">Supplied with COA (Certificate of Analysis) and MSDS<\/p>\n<\/li>\n<\/ul>\n<p data-start=\"1664\" data-end=\"1821\">Customers can buy Caluanie Muelear Oxidize 50L online in the USA with domestic shipping or request global bulk delivery for international operations.<\/p>\n<hr data-start=\"1823\" data-end=\"1826\" \/>\n<h3 data-start=\"1828\" data-end=\"1866\">&#x1f30d; Safe, Compliant Global Shipping<\/h3>\n<p data-start=\"1867\" data-end=\"1996\">All Caluanie Muelear Oxidize 50L bulk orders are shipped via certified HAZMAT carriers. We manage full compliance, including:<\/p>\n<ul data-start=\"1998\" data-end=\"2128\">\n<li data-start=\"1998\" data-end=\"2033\">\n<p data-start=\"2000\" data-end=\"2033\">Export and import documentation<\/p>\n<\/li>\n<li data-start=\"2034\" data-end=\"2050\">\n<p data-start=\"2036\" data-end=\"2050\">MSDS and COA<\/p>\n<\/li>\n<li data-start=\"2051\" data-end=\"2098\">\n<p data-start=\"2053\" data-end=\"2098\">Hazard labeling and transport certification<\/p>\n<\/li>\n<li data-start=\"2099\" data-end=\"2128\">\n<p data-start=\"2101\" data-end=\"2128\">Customs clearance support<\/p>\n<\/li>\n<\/ul>\n<p data-start=\"2130\" data-end=\"2223\">&#x1f4e6; We ship to the United States, Europe, Asia, Latin America, and other approved regions.<\/p>\n<hr data-start=\"2225\" data-end=\"2228\" \/>\n<h3 data-start=\"2230\" data-end=\"2283\">&#x2705; Benefits of Buying Caluanie Muelear Oxidize 50L<\/h3>\n<p data-start=\"2284\" data-end=\"2501\">&#x1f4b0; Reduced cost per liter for industrial buyers<br data-start=\"2331\" data-end=\"2334\" \/>&#x1f504; Reliable and consistent chemical performance<br data-start=\"2381\" data-end=\"2384\" \/>&#x1f4c3; Full compliance with international safety standards<br data-start=\"2438\" data-end=\"2441\" \/>&#x1f9d1;&#x200d;&#x1f52c; Trusted by laboratories, refiners, and manufacturers<\/p>\n<hr data-start=\"2503\" data-end=\"2506\" \/>\n<h3 data-start=\"2508\" data-end=\"2540\">\u2753 C\u00e2u h\u1ecfi th\u01b0\u1eddng g\u1eb7p<\/h3>\n<p data-start=\"2542\" data-end=\"2680\">Can individuals purchase Caluanie Muelear Oxidize 50L?<br data-start=\"2600\" data-end=\"2603\" \/>No. Sales are restricted to licensed companies and professional institutions.<\/p>\n<p data-start=\"2682\" data-end=\"2815\">Vi\u1ec7c nh\u1eadp kh\u1ea9u Caluanie Muelear Oxidize c\u00f3 h\u1ee3p ph\u00e1p kh\u00f4ng?<br data-start=\"2730\" data-end=\"2733\" \/>Yes, subject to local chemical regulations. We provide all required documentation.<\/p>\n<p data-start=\"2817\" data-end=\"2924\">Do you offer wholesale pricing on 50L orders?<br data-start=\"2866\" data-end=\"2869\" \/>Yes. Volume discounts are available for bulk purchases.<\/p>\n<p data-start=\"2926\" data-end=\"3056\">Can I order Caluanie Muelear Oxidize 50L online?<br data-start=\"2978\" data-end=\"2981\" \/>Yes. Secure online ordering is available for U.S. and international buyers.<\/p>\n<hr data-start=\"3058\" data-end=\"3061\" \/>\n<h3 data-start=\"3063\" data-end=\"3128\">&#x1f4e6; Request a Quote \u2014 Caluanie Muelear Oxidize 50L Bulk Supply<\/h3>\n<p data-start=\"3129\" data-end=\"3329\">Contact us today to buy Caluanie Muelear Oxidize 50L with full compliance, safe logistics, and professional support. We provide reliable bulk supply solutions for industrial clients worldwide.<\/p>","protected":false},"excerpt":{"rendered":"<p>Caluanie Muelear b\u00e1n bu\u00f4n<br \/>\nK\u00edch th\u01b0\u1edbc th\u00f9ng ch\u1ee9a 50 l\u00edt<br \/>\nC\u00f4ng th\u1ee9c c\u00f4 \u0111\u1eb7c cao<br \/>\nAn to\u00e0n cho nhi\u1ec1u lo\u1ea1i v\u1eadt li\u1ec7u<\/p>","protected":false},"featured_media":29187,"template":"","meta":[],"product_brand":[],"product_cat":[25],"product_tag":[],"class_list":{"0":"post-29238","1":"product","2":"type-product","3":"status-publish","4":"has-post-thumbnail","6":"product_cat-caluanie","8":"first","9":"instock","10":"shipping-taxable","11":"purchasable","12":"product-type-simple"},"_links":{"self":[{"href":"https:\/\/buycaluanieonline.com\/vi\/wp-json\/wp\/v2\/product\/29238","targetHints":{"allow":["GET"]}}],"collection":[{"href":"https:\/\/buycaluanieonline.com\/vi\/wp-json\/wp\/v2\/product"}],"about":[{"href":"https:\/\/buycaluanieonline.com\/vi\/wp-json\/wp\/v2\/types\/product"}],"version-history":[{"count":3,"href":"https:\/\/buycaluanieonline.com\/vi\/wp-json\/wp\/v2\/product\/29238\/revisions"}],"predecessor-version":[{"id":29624,"href":"https:\/\/buycaluanieonline.com\/vi\/wp-json\/wp\/v2\/product\/29238\/revisions\/29624"}],"wp:featuredmedia":[{"embeddable":true,"href":"https:\/\/buycaluanieonline.com\/vi\/wp-json\/wp\/v2\/media\/29187"}],"wp:attachment":[{"href":"https:\/\/buycaluanieonline.com\/vi\/wp-json\/wp\/v2\/media?parent=29238"}],"wp:term":[{"taxonomy":"product_brand","embeddable":true,"href":"https:\/\/buycaluanieonline.com\/vi\/wp-json\/wp\/v2\/product_brand?post=29238"},{"taxonomy":"product_cat","embeddable":true,"href":"https:\/\/buycaluanieonline.com\/vi\/wp-json\/wp\/v2\/product_cat?post=29238"},{"taxonomy":"product_tag","embeddable":true,"href":"https:\/\/buycaluanieonline.com\/vi\/wp-json\/wp\/v2\/product_tag?post=29238"}],"curies":[{"name":"wp","href":"https:\/\/api.w.org\/{rel}","templated":true}]}}